{"id":12,"date":"2020-08-08T18:59:54","date_gmt":"2020-08-08T18:59:54","guid":{"rendered":"https:\/\/nahual.org\/antiguo\/?p=12"},"modified":"2020-08-08T18:59:54","modified_gmt":"2020-08-08T18:59:54","slug":"acerca-del-autor","status":"publish","type":"page","link":"https:\/\/nahual.org\/antiguo\/acerca-del-autor\/","title":{"rendered":"Acerca del autor"},"content":{"rendered":"<p align=\"justify\">Hace varios a\u00f1os de manera no intencional me vi ligado para siempre con una serie de conocimientos, especificamente del conocimiento tradicional mesoamericano llamado Nagualismo, pero de una rama menos conocida que la de Carlos Castaneda y otros, lo que me llev\u00f3 a un entrenamiento de a\u00f1os, en parte similar y en parte diferente. Sin embargo, con el paso del tiempo, llegu\u00e9 a estar atrapado entre dos mundos, el mundo burocr\u00e1tico, escalafonario y clase mediero de la sociedad mexicana actual, y el mundo desconocido que est\u00e1 enfrente de nosotros mismos, esperando a ser descubierto por aquellos que corren el riesgo.<\/p>\n<p align=\"justify\">Mi nombre es <a href=\"http:\/\/www.alfonsoorozcoaguilar.com\" target=\"_blank\" rel=\"noopener noreferrer\">Alfonso Orozco Aguilar<\/a>. Nac\u00ed en M\u00e9xico el 21 de enero de 1972, y aunque mi formaci\u00f3n profesional es la contabilidad, azares del destino me llevaron a descubrir un talento natural para la programaci\u00f3n de computadoras. He trabajado los ultimos 20 a\u00f1os desarollando sistemas de gesti\u00f3n y haciendo auditor\u00eds de seguridad a diversas empresas . El trabajo que realizo para una empresa tiene que ver con lo que llamo programaci\u00f3n pesada: No me refiero a hacer un programa que usar\u00e1n una o dos personas cada mil a\u00f1os, sino a programas que se usan por cerca de 70 personas diarias al mismo tiempo.<\/p>\n<p><center><\/p>\n<table border=\"2\" cellpadding=\"7\" bgcolor=\"#C0C0C0\">\n<tbody>\n<tr>\n<th>Para saber como fui a dar al Nagualismo, da un click <a href=\"http:\/\/rojointenso.net\/foros\/index.php?showtopic=1040\" target=\"_blank\" rel=\"noopener noreferrer\">aqu\u00ed<\/a><\/th>\n<\/tr>\n<\/tbody>\n<\/table>\n<p><\/center><\/p>\n<p align=\"justify\">Por otra parte, fui educado solamente por mi padre desde los 10 meses, y el hecho de ser educado por un hombre solo, crea un punto de vista especial, que no es machista, sino con intereses diferentes a los de familias mas &#8216;normales&#8217;. En mi juventud le\u00ed varias veces las novelas cl\u00e1sicas, as\u00ed como los libros de Gurdjieff, Ouspensky, Rodney Collin, Bulwer Lytton, Colin Wilson, y otros. La mezcla de estas influencias, con el &#8216;Nagualismo&#8217; y la estructura moral del &#8216;Iching, el libro de los cambios&#8217;, llevaron a un modo de vida diferente, pero pleno.<\/p>\n<p align=\"justify\">En 1988 me dirig\u00eda a la preparatoria, y al ver que iban a atropellar a una muchacha evit\u00e9 que lo hicieran y el atropellado fui yo. A ra\u00edz de eso, descubr\u00ed una rama del conocimiento \u00abes\u00f3terico\u00bb, y para sobrevivir a las consecuencias f\u00edsicas del choque, hice un pacto, dentro de m\u00ed, con plena conciencia de mis actos. Este pacto se basa en un principio sencillo, si hay gente que hace \u00abpacto con el diablo\u00bb, debe por fuerza haber gente que haga pacto con la Ley, y este es el juramento que hice:.<\/p>\n<p><dir><\/p>\n<p align=\"justify\"><b>Por la fuerza evasiva que surca mis venas, juro dedicar mi vida a proteger y nutrir a todos aquellos que buscan el conocimiento. Sea a trav\u00e9s de la serena sabidur\u00eda, sea a trav\u00e9s de la sabidur\u00eda del movimiento. Pido el poder para hacer que la justicia prevalezca, no invoco una venganza.<\/b><\/p>\n<p><\/dir><\/p>\n<p align=\"justify\">Debido a eso, y a un problema de juventud (lease novia), en tres d\u00edas cambi\u00e9, dejando atr\u00e1s la juventud, el amor y la esperanza, para recibir la madurez, la justicia y la certeza. A trav\u00e9s de los a\u00f1os he ido profundizando en esa zona del conocimiento que algunos llaman \u00abSupercher\u00edas\u00bb, y otros \u00abLa verdad\u00bb<\/p>\n<p align=\"justify\">Durante la \u00e9poca de los BBS era necesario no usar nombres y us\u00e9 el nombre de conexi\u00f3n Nagual, que estaba libre en los BBS que me interesaban. La raz\u00f3n de este nombre fue la aceptaci\u00f3n de mis responsabilidades, al tiempo que se consolidaba a mi alredor el grupo antiguo; cuando ellos me llamaron con ese nombre,<b>NAGUAL<\/b>, recib\u00ed un s\u00edmbolo. Era un momento decisivo. De repente en M\u00e9xico deb\u00ed hacerme cargo de un grupo de personas que estaban listas para una nueva etapa, y siendo bastante joven, en un momento en que nadie en su sano juicio permanecer\u00eda en su puesto, el darme cuenta que me hab\u00eda vuelto un parrarayos lo marc\u00f3 todo. He tenido que tomar decisiones serias y enfrentame a par\u00e1sitos que buscan dinero e control de la estructura de preservaci\u00f3n de tradiciones mesoamericanas que he creado. Ahora, en septiembre 30 de 2003, despu\u00e9s de varios a\u00f1os de dedicarle tiempo a esas personas, y a las que vinieron despu\u00e9s, es tiempo de hacer un punto de partida, y pasar a la siguiente etapa.<\/p>\n<p align=\"justify\">Despu\u00e9s de ser introducido en el nagualismo, me dediqu\u00e9 de lleno a superarme como persona y a establecer un punto firme financieramente hablando, para en un futuro proseguir con la b\u00fasqueda de ciertos objetivos. Fueron diez a\u00f1os de aprender a manejar personal, detectar fraudes, y enfrentarme de cuando en cuando a conflictos morales.<\/p>\n<p align=\"justify\">En 1997 descubr\u00ed con terror que mis manos eran una especie de ap\u00e9ndice de las cinco computadoras de la casa mas la port\u00e1til, y por un momento cre\u00ed ver como el teclado estaba destinado a ir &#8216;tomando&#8217; mi vida. El susto fue tremendo. A ra\u00edz de eso, decid\u00ed vender todo mi equipo, y usar solo las Pcs del trabajo, y lo hice. El razonamiento fue algo similar a &#8216;No es eficiente usar la tecnolog\u00eda&#8217; para algo simple.<\/p>\n<p align=\"justify\">Estuve pensando en eso dos semanas, y de repente empezaron a caerme trabajos extras fuera de la oficina, que dieron como resultado otras 4 Pc, GRATIS, que yo no quer\u00eda. Como todav\u00eda no tengo la menor idea de porqu\u00e9 paso esto, trato de hacer convivir los dos mundos, y no es dif\u00edcil. Ser\u00e1 porque las m\u00e1quinas se anulan entre s\u00ed. La persona hace la diferencia.<\/p>\n<p align=\"justify\">A fines del 97 me pas\u00f3 un incidente con las <a href=\"http:\/\/nahual.org\/antiguo\/kirlian.html\" target=\"_blank\" rel=\"noopener noreferrer\">Fotos Kirlian<\/a> que reforz\u00f3 esto. Las m\u00e1quinas se anulan entre s\u00ed, la persona hace la diferencia.<\/p>\n<p align=\"justify\">Desde que este sitio sali\u00f3 al aire los principios siguen siendo los mismos. Voy en camino a cumplir mi juramento y el futuro es como debe ser. Soy lo que soy y solamente uso el tiempo en lo que respeto. El poner esta serie de sitios me ha hecho jalar al excusado de manera impersonal cada vez que aparecen par\u00e1sitos o personas que se creen los elegidos ( tipo Neo Castanediano) para huir de sus vidas miserables, para olvidar que no tienen un trabajo ni mente clara. Es algo que debe hacerse y no es desgastante. Este sitio es una muestra de respeto a personas de mi pasado. Mucho del material anterior se ha incorporado en la comunidad Rojo Intenso (http:\/\/www.rojointenso.net)<\/p>\n<hr \/>\n<p><b>Alfonso Orozco &#8211; Mayo 2011 <\/b><\/p>\n","protected":false},"excerpt":{"rendered":"<p>Hace varios a\u00f1os de manera no intencional me vi ligado para siempre con una serie de conocimientos, especificamente del conocimiento tradicional mesoamericano llamado Nagualismo, pero de una rama menos conocida que la de Carlos Castaneda y otros, lo que me llev\u00f3 a un entrenamiento de a\u00f1os, en parte similar y en parte diferente. Sin embargo, con el paso del tiempo, llegu\u00e9 a estar atrapado entre dos mundos, el mundo burocr\u00e1tico, escalafonario y clase mediero de la sociedad mexicana actual, y&#8230;<\/p>\n<p class=\"read-more\"><a class=\"btn btn-default\" href=\"https:\/\/nahual.org\/antiguo\/acerca-del-autor\/\"> Leer m\u00e1s<span class=\"screen-reader-text\">  Leer m\u00e1s<\/span><\/a><\/p>\n","protected":false},"author":1,"featured_media":0,"parent":0,"menu_order":0,"comment_status":"closed","ping_status":"open","template":"","meta":{"_crdt_document":"","footnotes":""},"class_list":["post-12","page","type-page","status-publish","hentry"],"_links":{"self":[{"href":"https:\/\/nahual.org\/antiguo\/wp-json\/wp\/v2\/pages\/12","targetHints":{"allow":["GET"]}}],"collection":[{"href":"https:\/\/nahual.org\/antiguo\/wp-json\/wp\/v2\/pages"}],"about":[{"href":"https:\/\/nahual.org\/antiguo\/wp-json\/wp\/v2\/types\/page"}],"author":[{"embeddable":true,"href":"https:\/\/nahual.org\/antiguo\/wp-json\/wp\/v2\/users\/1"}],"replies":[{"embeddable":true,"href":"https:\/\/nahual.org\/antiguo\/wp-json\/wp\/v2\/comments?post=12"}],"version-history":[{"count":0,"href":"https:\/\/nahual.org\/antiguo\/wp-json\/wp\/v2\/pages\/12\/revisions"}],"wp:attachment":[{"href":"https:\/\/nahual.org\/antiguo\/wp-json\/wp\/v2\/media?parent=12"}],"curies":[{"name":"wp","href":"https:\/\/api.w.org\/{rel}","templated":true}]}}