{"id":14,"date":"2020-07-18T19:01:16","date_gmt":"2020-07-18T19:01:16","guid":{"rendered":"https:\/\/nahual.org\/antiguo\/?p=14"},"modified":"2020-08-08T15:59:34","modified_gmt":"2020-08-08T20:59:34","slug":"ideas-sueltas","status":"publish","type":"page","link":"https:\/\/nahual.org\/antiguo\/ideas-sueltas\/","title":{"rendered":"Ideas Sueltas"},"content":{"rendered":"<div class=\"SubTitle\">Ideas Sueltas<\/div>\n<p>&nbsp;<\/p>\n<table border=\"0\" width=\"98%\">\n<tbody>\n<tr>\n<th align=\"CENTER\">\n<h1>La forma m\u00e1s hermosa de la teor\u00eda es la acci\u00f3n<\/h1>\n<\/th>\n<td width=\"202\"><img loading=\"lazy\" decoding=\"async\" src=\"..\/..\/images\/lobo.jpg\" alt=\"Centro\" width=\"200\" height=\"256\" border=\"0\" vspace=\"0\" \/><\/td>\n<\/tr>\n<tr>\n<td><img decoding=\"async\" src=\"..\/..\/images\/prnagual.jpg\" alt=\"EL primer Nagual\" style='width:300px; height:300px' border=\"0\" vspace=\"0\" \/><\/td>\n<th align=\"CENTER\">\n<h1>y un d\u00eda Prometeo romper\u00e1 las cadenas y devorar\u00e1 a los buitres!!<\/h1>\n<\/th>\n<\/tr>\n<tr>\n<th align=\"CENTER\">\n<h1>Las puertas se abren para aquellos que no tienen miedo de cruzarlas<\/h1>\n<\/th>\n<td width=\"202\"><img loading=\"lazy\" decoding=\"async\" src=\"..\/..\/images\/mandoor.jpg\" alt=\"El Umbral\" width=\"200\" height=\"256\" border=\"0\" vspace=\"0\" \/><\/td>\n<\/tr>\n<tr>\n<th><img decoding=\"async\" src=\"..\/..\/images\/unicr2.jpg\" alt=\"Dos seguridades\" style='width:300px; height:300px'  border=\"0\" vspace=\"0\" \/><\/th>\n<th align=\"CENTER\">\n<h1>Es hermoso so\u00f1ar. Pero es m\u00e1s hermoso no fallarle a los sue\u00f1os.<\/h1>\n<\/th>\n<\/tr>\n<\/tbody>\n<\/table>\n<p>&nbsp;<\/p>\n<hr \/>\n<p><b>Alfonso Orozco &#8211; Octubre 2005<br \/>\n<\/b><\/p>\n","protected":false},"excerpt":{"rendered":"<p>Ideas Sueltas &nbsp; La forma m\u00e1s hermosa de la teor\u00eda es la acci\u00f3n y un d\u00eda Prometeo romper\u00e1 las cadenas y devorar\u00e1 a los buitres!! Las puertas se abren para aquellos que no tienen miedo de cruzarlas Es hermoso so\u00f1ar. Pero es m\u00e1s hermoso no fallarle a los sue\u00f1os. &nbsp; Alfonso Orozco &#8211; Octubre 2005<\/p>\n","protected":false},"author":1,"featured_media":0,"parent":0,"menu_order":0,"comment_status":"closed","ping_status":"open","template":"","meta":{"_crdt_document":"","footnotes":""},"class_list":["post-14","page","type-page","status-publish","hentry"],"_links":{"self":[{"href":"https:\/\/nahual.org\/antiguo\/wp-json\/wp\/v2\/pages\/14","targetHints":{"allow":["GET"]}}],"collection":[{"href":"https:\/\/nahual.org\/antiguo\/wp-json\/wp\/v2\/pages"}],"about":[{"href":"https:\/\/nahual.org\/antiguo\/wp-json\/wp\/v2\/types\/page"}],"author":[{"embeddable":true,"href":"https:\/\/nahual.org\/antiguo\/wp-json\/wp\/v2\/users\/1"}],"replies":[{"embeddable":true,"href":"https:\/\/nahual.org\/antiguo\/wp-json\/wp\/v2\/comments?post=14"}],"version-history":[{"count":7,"href":"https:\/\/nahual.org\/antiguo\/wp-json\/wp\/v2\/pages\/14\/revisions"}],"predecessor-version":[{"id":78,"href":"https:\/\/nahual.org\/antiguo\/wp-json\/wp\/v2\/pages\/14\/revisions\/78"}],"wp:attachment":[{"href":"https:\/\/nahual.org\/antiguo\/wp-json\/wp\/v2\/media?parent=14"}],"curies":[{"name":"wp","href":"https:\/\/api.w.org\/{rel}","templated":true}]}}