{"id":16,"date":"2020-07-19T19:03:02","date_gmt":"2020-07-19T19:03:02","guid":{"rendered":"https:\/\/nahual.org\/antiguo\/?p=16"},"modified":"2020-08-08T19:03:25","modified_gmt":"2020-08-08T19:03:25","slug":"nucleo","status":"publish","type":"page","link":"https:\/\/nahual.org\/antiguo\/nucleo\/","title":{"rendered":"N\u00facleo"},"content":{"rendered":"<p>El coraz\u00f3n del lobo solo obedece al esp\u00edritu del hombre.<\/p>\n","protected":false},"excerpt":{"rendered":"<p>El coraz\u00f3n del lobo solo obedece al esp\u00edritu del hombre.<\/p>\n","protected":false},"author":1,"featured_media":0,"parent":0,"menu_order":0,"comment_status":"closed","ping_status":"open","template":"","meta":{"_crdt_document":"","footnotes":""},"class_list":["post-16","page","type-page","status-publish","hentry"],"_links":{"self":[{"href":"https:\/\/nahual.org\/antiguo\/wp-json\/wp\/v2\/pages\/16","targetHints":{"allow":["GET"]}}],"collection":[{"href":"https:\/\/nahual.org\/antiguo\/wp-json\/wp\/v2\/pages"}],"about":[{"href":"https:\/\/nahual.org\/antiguo\/wp-json\/wp\/v2\/types\/page"}],"author":[{"embeddable":true,"href":"https:\/\/nahual.org\/antiguo\/wp-json\/wp\/v2\/users\/1"}],"replies":[{"embeddable":true,"href":"https:\/\/nahual.org\/antiguo\/wp-json\/wp\/v2\/comments?post=16"}],"version-history":[{"count":0,"href":"https:\/\/nahual.org\/antiguo\/wp-json\/wp\/v2\/pages\/16\/revisions"}],"wp:attachment":[{"href":"https:\/\/nahual.org\/antiguo\/wp-json\/wp\/v2\/media?parent=16"}],"curies":[{"name":"wp","href":"https:\/\/api.w.org\/{rel}","templated":true}]}}