{"id":18,"date":"2020-07-17T19:03:47","date_gmt":"2020-07-17T19:03:47","guid":{"rendered":"https:\/\/nahual.org\/antiguo\/?p=18"},"modified":"2020-08-08T19:04:10","modified_gmt":"2020-08-08T19:04:10","slug":"el-umbral","status":"publish","type":"page","link":"https:\/\/nahual.org\/antiguo\/el-umbral\/","title":{"rendered":"El Umbral"},"content":{"rendered":"<p>03\/OCT\/95<\/p>\n<p>POR DIOS. NO.<\/p>\n<p>NO.<\/p>\n<p align=\"JUSTIFY\">En un mundo de m&#8230;, en el que el progreso se mide por uno de los factores menos importantes de todos, veo a mi alrededor y suena el grito de batalla dentro de mi coraz\u00f3n. Mientras tanto, en medio de im\u00e1genes sin sentido, siento los movimientos de un baile y la mujer que amo en el centro de atenci\u00f3n, en medio de algo maravillosamente sensual y repulsivo.<\/p>\n<p align=\"JUSTIFY\">Sabiendo que tengo 24 a\u00f1os, y que eleg\u00ed el camino de la Ley y el orden, me veo obligado, en este momento, y para siempre jam\u00e1s, a cerrar otra vez la \u00fanica puerta que no puedo volver a abrir, la puerta del pasado. A dejar atr\u00e1s la sonrisa c\u00e1lida de una mujer hermosa, y los triunfos de un brazo y una mente poderosas.<\/p>\n<p align=\"JUSTIFY\">La puerta se abre, ante mi, y se que estoy en el Umbral otra vez. Y aunque se hace el nudo en mi garganta al pensar en los horrores del Guardi\u00e1n, se que el deber me exige vencerlo, destrozarlo, y que la \u00fanica arma que tengo es la Ley.<\/p>\n<p align=\"JUSTIFY\">Soy consciente que los arquetipos deben ser superados, y con el paso del tiempo he ido abandonando lo que me daba fuerza o me hacia feliz. Un guerrero es mas que su espada, y un rey mas que su corona. Hay seres d\u00e9biles, y seres fuertes; para poder enfrentarme a los enemigos fuertes es necesario que abandone las ventajas y debilidades de mi pasado.<\/p>\n<p align=\"JUSTIFY\">Cuando llegue el momento no habr\u00e1 tiempo de prepararse mentalmente o de tomar un arma. La acci\u00f3n es prop\u00f3sito destilado, y todo lo que soy debe actuar al un\u00edsono para sobrevivir y proteger en la ultima batalla sobre la tierra.<\/p>\n<p align=\"JUSTIFY\">Socorro!<\/p>\n<p align=\"JUSTIFY\">Adi\u00f3s!<\/p>\n<p align=\"JUSTIFY\">Cruzar la puerta y vencer al Guardi\u00e1n del Umbral.<\/p>\n<p align=\"JUSTIFY\">Es mi deber.<\/p>\n<p align=\"JUSTIFY\">Por la Ley, hasta la muerte!<\/p>\n<hr \/>\n<p><b>Alfonso Orozco &#8211; Mayo 1999 <\/b><\/p>\n","protected":false},"excerpt":{"rendered":"<p>03\/OCT\/95 POR DIOS. NO. NO. En un mundo de m&#8230;, en el que el progreso se mide por uno de los factores menos importantes de todos, veo a mi alrededor y suena el grito de batalla dentro de mi coraz\u00f3n. Mientras tanto, en medio de im\u00e1genes sin sentido, siento los movimientos de un baile y la mujer que amo en el centro de atenci\u00f3n, en medio de algo maravillosamente sensual y repulsivo. Sabiendo que tengo 24 a\u00f1os, y que eleg\u00ed&#8230;<\/p>\n<p class=\"read-more\"><a class=\"btn btn-default\" href=\"https:\/\/nahual.org\/antiguo\/el-umbral\/\"> Leer m\u00e1s<span class=\"screen-reader-text\">  Leer m\u00e1s<\/span><\/a><\/p>\n","protected":false},"author":1,"featured_media":0,"parent":0,"menu_order":0,"comment_status":"closed","ping_status":"open","template":"","meta":{"_crdt_document":"","footnotes":""},"class_list":["post-18","page","type-page","status-publish","hentry"],"_links":{"self":[{"href":"https:\/\/nahual.org\/antiguo\/wp-json\/wp\/v2\/pages\/18","targetHints":{"allow":["GET"]}}],"collection":[{"href":"https:\/\/nahual.org\/antiguo\/wp-json\/wp\/v2\/pages"}],"about":[{"href":"https:\/\/nahual.org\/antiguo\/wp-json\/wp\/v2\/types\/page"}],"author":[{"embeddable":true,"href":"https:\/\/nahual.org\/antiguo\/wp-json\/wp\/v2\/users\/1"}],"replies":[{"embeddable":true,"href":"https:\/\/nahual.org\/antiguo\/wp-json\/wp\/v2\/comments?post=18"}],"version-history":[{"count":0,"href":"https:\/\/nahual.org\/antiguo\/wp-json\/wp\/v2\/pages\/18\/revisions"}],"wp:attachment":[{"href":"https:\/\/nahual.org\/antiguo\/wp-json\/wp\/v2\/media?parent=18"}],"curies":[{"name":"wp","href":"https:\/\/api.w.org\/{rel}","templated":true}]}}