{"id":20,"date":"2020-07-16T19:05:39","date_gmt":"2020-07-16T19:05:39","guid":{"rendered":"https:\/\/nahual.org\/antiguo\/?p=20"},"modified":"2020-08-08T19:06:09","modified_gmt":"2020-08-08T19:06:09","slug":"los-tiempos-parte-dos","status":"publish","type":"page","link":"https:\/\/nahual.org\/antiguo\/los-tiempos-parte-dos\/","title":{"rendered":"Los tiempos: parte dos"},"content":{"rendered":"<p align=\"JUSTIFY\">Como mencion\u00e9 antes, la diferencia entre velocidades y tiempos es org\u00e1nica. Los tiempos son influidos por circunstancias externas, tales como el clima y el sexo. Por sexo me refiero a que un hombre de 16 a\u00f1os est\u00e1 menos desarrollado que una mujer de 16, as\u00ed como que un hombre de treinta est\u00e1 en una etapa muy diferente que una mujer de la misma edad.<\/p>\n<p align=\"JUSTIFY\">Por clima me refiero a que una mujer que nace y se desarrolla en una playa, puede tener el per\u00edodo a los 11 o 12, el lugar de a los 14 o 15 como suele suceder en la ciudad; y tambi\u00e9n debe considerarse que su vida suele acabar m\u00e1s pronto. Sin embargo, como he dicho muchas veces, importa la persona y la coherencia.<\/p>\n<p align=\"JUSTIFY\">Aqu\u00ed es necesario hacer un par\u00e9ntesis. Durante el tiempo que hice yoga, se pon\u00eda especial \u00e9nfasis en el descanso. Por una raz\u00f3n u otra durante a\u00f1os me acostumbr\u00e9 a usar mis reservas de energ\u00eda de Nagual, y pasaba todos los d\u00edas pensando; en la madrugada, en una o dos horas de silencio, hac\u00eda el trabajo de varios d\u00edas. Dormir poco no hace da\u00f1o, si se tienen las reservas de energ\u00eda suficientes, <i>la capacidad de producir la energ\u00eda gastada<\/i>, y la edad correspondiente. Algunos dicen que mientras m\u00e1s joven es uno org\u00e1nicamente, mas horas necesita dormir. El sue\u00f1o renueva nuestras reservas de energ\u00eda, as\u00ed que en la pr\u00e1ctica solo las personas con energ\u00eda abajo del promedio <i>necesitan<\/i> dormir varias horas. El trabajo interior activo crea nuevas reservas, y Gurdjieff menciona en sus aforismos: \u00abDuerma poco sin compunci\u00f3n\u00bb<\/p>\n<p align=\"JUSTIFY\">Vamos a poner un ejemplo. Una persona que come mucho suele aumentar el tama\u00f1o de su dep\u00f3sito de alimentos, tanto en la despensa como en su est\u00f3mago. As\u00ed mismo, una persona que utiliza mucha energ\u00eda debe tener un dep\u00f3sito m\u00e1s grande, tanto en libros como en energ\u00eda interna. Pero los tiempos org\u00e1nicos no son uno solo; cada parte del cuerpo tiene su propio ritmo. Simplificando esto, aprovechar\u00e9 para explicar la idea y contestar unas preguntas que me han hecho sobre biorritmos.<\/p>\n<p align=\"JUSTIFY\">Usaremos como ejemplo los tres ritmos biol\u00f3gicos m\u00e1s conocidos. Supongamos que cada individuo tiene solo tres tipos de energ\u00eda, y que no es posible traspasar energ\u00eda de un tipo a otro tipo. Cada energ\u00eda tiene su propio dep\u00f3sito.<\/p>\n<p align=\"JUSTIFY\">El primer dep\u00f3sito mide 23 unidades, el segundo 28, y el tercero 33. Si en un momento dado el primer dep\u00f3sito est\u00e1 al 50%, se tienen 12 unidades disponibles, pero si se tienen las mismas 12 unidades en el recipiente tres, se tiene poco mas de 33%, ya no el 50%.<\/p>\n<p align=\"JUSTIFY\">Ahora bien, si vemos que en una persona determinada el recipiente suele estar en 12 unidades, el recipiente parecer\u00e1 lleno en las 12 unidades, <i>y no debe ni puede cargarse otra vez a 23 unidades sino gradualmente. <\/i>Todos hemos o\u00eddo el refr\u00e1n \u00ab\u00f3rgano que no se usa se atrofia\u00bb.<\/p>\n<p align=\"JUSTIFY\">Suponiendo sin conceder lo que dicen los estudiosos del biorritmo, en el momento en que nace un ser humano, la naturaleza misma (el planeta como ser org\u00e1nico) define el nivel standard de cada uno de los tres dep\u00f3sitos donde s\u00f3lo se refuerza la TENDENCIA de la persona.<\/p>\n<p align=\"JUSTIFY\">Pero como cada dep\u00f3sito tiene tiempos de recarga diferentes (para fines pr\u00e1cticos manejaremos otra vez los 23,28 y 33 d\u00edas), solo una vez cada sesenta a\u00f1os mas o menos cada uno de los tres dep\u00f3sitos est\u00e1 en su punto mas alto, el numero de d\u00edas puede calcularse con la formula 23*28 *33 d\u00edas.<\/p>\n<p align=\"JUSTIFY\">Para simplificar usaremos como ejemplo el dep\u00f3sito de 28 unidades. Si el ciclo que le corresponde cambia continuamente, obviamente sube y baja. Si el 50% del tiempo es positivo, la mitad es negativo, pero debe considerarse que la mitad del tiempo activo\/positivo est\u00e1 en subida, y la segunda mitad en bajada, de forma algo similar a lo que se muestra en la siguiente tabla:<\/p>\n<p><center><\/p>\n<table border=\"\" cellspacing=\"1\" cellpadding=\"4\">\n<tbody>\n<tr>\n<th valign=\"MIDDLE\">\n<p align=\"CENTER\">A<\/p>\n<\/th>\n<th>\n<p align=\"CENTER\">B<\/p>\n<\/th>\n<th>\n<p align=\"CENTER\">C<\/p>\n<\/th>\n<th>\n<p align=\"CENTER\">D<\/p>\n<\/th>\n<th>\n<p align=\"CENTER\">E<\/p>\n<\/th>\n<\/tr>\n<tr>\n<td>0 d\u00edas<\/td>\n<td>7 d\u00edas<\/td>\n<td>14 d\u00edas<\/td>\n<td>21 d\u00edas<\/td>\n<td>28 d\u00edas<\/td>\n<\/tr>\n<tr>\n<td colspan=\"5\" valign=\"MIDDLE\"><\/td>\n<\/tr>\n<tr>\n<td>Se sale del punto negativo y se entra en lo positivo<\/td>\n<td>Se llega al tope de lo positivo<\/td>\n<td>Se sale de la etapa activa y se entra a la pasiva<\/td>\n<td>Punto mas bajo de la etapa pasiva<\/td>\n<td>Inicio del ciclo<\/td>\n<\/tr>\n<\/tbody>\n<\/table>\n<p><\/center><\/p>\n<p align=\"JUSTIFY\">Obviamente en el punto B se encuentra en un 100% de actividad posible, y el punto D representa un 0 %.<\/p>\n<p align=\"JUSTIFY\">Al nacer una persona puede estar en cualquiera de las subdivisiones que vimos hace un momento, y por lo tanto puede nacer en el punto mas alto de una escala, pero como son varios dep\u00f3sitos podemos encontrarnos de momento en el punto mas alto de la escala uno, y al mismo tiempo en el punto mas bajo de la escala dos.<\/p>\n<p align=\"JUSTIFY\">Mas adelante seguir\u00e9 con este tema; pero quiero recalcar la importancia de esto, uno puede estar en un momento dado en su plenitud f\u00edsica y en al mismo tiempo en la mayor de las depresiones emocionalmente hablando. Para poder resolver el problema, debemos trabajar sobre lo que ha sido da\u00f1ado, y los ritmos de este tipo pueden darnos pistas de debilidades y fortalezas propias y ajenas.<\/p>\n<hr \/>\n<p><b>Alfonso Orozco &#8211; Noviembre 1999 <\/b><\/p>\n","protected":false},"excerpt":{"rendered":"<p>Como mencion\u00e9 antes, la diferencia entre velocidades y tiempos es org\u00e1nica. Los tiempos son influidos por circunstancias externas, tales como el clima y el sexo. Por sexo me refiero a que un hombre de 16 a\u00f1os est\u00e1 menos desarrollado que una mujer de 16, as\u00ed como que un hombre de treinta est\u00e1 en una etapa muy diferente que una mujer de la misma edad. Por clima me refiero a que una mujer que nace y se desarrolla en una playa,&#8230;<\/p>\n<p class=\"read-more\"><a class=\"btn btn-default\" href=\"https:\/\/nahual.org\/antiguo\/los-tiempos-parte-dos\/\"> Leer m\u00e1s<span class=\"screen-reader-text\">  Leer m\u00e1s<\/span><\/a><\/p>\n","protected":false},"author":1,"featured_media":0,"parent":0,"menu_order":0,"comment_status":"closed","ping_status":"open","template":"","meta":{"_crdt_document":"","footnotes":""},"class_list":["post-20","page","type-page","status-publish","hentry"],"_links":{"self":[{"href":"https:\/\/nahual.org\/antiguo\/wp-json\/wp\/v2\/pages\/20","targetHints":{"allow":["GET"]}}],"collection":[{"href":"https:\/\/nahual.org\/antiguo\/wp-json\/wp\/v2\/pages"}],"about":[{"href":"https:\/\/nahual.org\/antiguo\/wp-json\/wp\/v2\/types\/page"}],"author":[{"embeddable":true,"href":"https:\/\/nahual.org\/antiguo\/wp-json\/wp\/v2\/users\/1"}],"replies":[{"embeddable":true,"href":"https:\/\/nahual.org\/antiguo\/wp-json\/wp\/v2\/comments?post=20"}],"version-history":[{"count":0,"href":"https:\/\/nahual.org\/antiguo\/wp-json\/wp\/v2\/pages\/20\/revisions"}],"wp:attachment":[{"href":"https:\/\/nahual.org\/antiguo\/wp-json\/wp\/v2\/media?parent=20"}],"curies":[{"name":"wp","href":"https:\/\/api.w.org\/{rel}","templated":true}]}}