{"id":26,"date":"2020-07-14T19:09:54","date_gmt":"2020-07-14T19:09:54","guid":{"rendered":"https:\/\/nahual.org\/antiguo\/?p=26"},"modified":"2020-08-08T19:10:13","modified_gmt":"2020-08-08T19:10:13","slug":"los-poderes","status":"publish","type":"page","link":"https:\/\/nahual.org\/antiguo\/los-poderes\/","title":{"rendered":"Los Poderes"},"content":{"rendered":"<h3>Los poderes (27 &#8211; may &#8211; 99)<\/h3>\n<p align=\"JUSTIFY\">Hace unas semanas hablaba con una amiga de los cambios que me provoc\u00f3 el entrenamiento. Cambios F\u00edsicos son pocos, solamente la agilidad y la fuerza, que pueden deberse a los \u00abpasos de poder\u00bb, a las pesas o al Kenpo. Pero los cambios mayores son a nivel emocional, como le dije. Los cambios intelectuales son pocos, estoy dispuesto a pensar cuando debo pensar y a sentir cuando debo sentir.<\/p>\n<p align=\"JUSTIFY\">No se si este es el caso de todos los que han emprendido los caminos del centro o de la derecha , pero en mi caso mis sentimientos y emociones cambiaron mas, quiza por que soy mas emocional que mental o f\u00edsico. Lo curioso es que esta amiga, a la que llamar\u00e9 \u00bb C \u00ab, me preguntaba que si a veces no quisera ser normal, dejar de tener esos atisbos extra\u00f1os de lo desconocido. En estos momentos estoy en el trabajo, despu\u00e9s de la hora de salida, esperando que me lleguen unos resultados, despu\u00e9s de ganar la semana pasada una batalla corporativa, y haciendo cambios a un programa de astrolog\u00eda.<\/p>\n<p align=\"JUSTIFY\">En la tarde como a las 16:30 estaba trabajando y pensando tangencialmente en una persona a la que estimo y valoro mucho, cuando de repente me vino a la mente que ella estaba en un problema ( alguien le desea un mal y estorba su privac\u00eda ), y por alguna raz\u00f3n pens\u00e9 en un resbal\u00f3n y en un nombre que empieza con E. S\u00e9 que est\u00e1 relacionado con ella y no tengo idea de porqu\u00e9 ni que significa, o si quiere ayudarla o es la causa del problema. Al minuto de eso recib\u00ed un mensaje por ICQ de ella, y &#8230; como demonios decirle que siento que hay un problema con un tal \u00bb E \u00ab, y que tiene que ver con un resbal\u00f3n?<\/p>\n<p align=\"JUSTIFY\">Es similar a hablar lenguajes diferentes, el no poder decir lo que veo o percibo a trav\u00e9s del conocimiento intuitivo o racional, as\u00ed que muchas veces nada mas me quedo callado.<\/p>\n<p align=\"JUSTIFY\">Volviendo a lo que hablaba con \u00bb C\u00bb , le comentaba que es muy f\u00e1cil desarrollar intuici\u00f3n y algo de clarividencia, al igual que los llamados \u00abpasos de poder\u00bb, usan partes del cuerpo que siempre estan desactivadas, usar el coraz\u00f3n del lobo hace que de repente sepamos cosas sin saber porqu\u00e9.<\/p>\n<p align=\"JUSTIFY\">El Nagual Rafael como parte del entrenamiento pon\u00eda a cada uno de sus alumnos a tratar de desarrollar a trav\u00e9s de ejercicios determinados, ciertas dotes parapsicol\u00f3gicas. El se re\u00eda mucho porque nos hac\u00eda elegir que quer\u00edamos desarrollar, ( yo quise telequinesis ), y siempre sin excepci\u00f3n, para todos nosotros, los resultados de los ejercicios eran el mismo. Cero, nada, basura. El lo explicaba diciendo que <i>nosotros eleg\u00edamos lo que quer\u00edamos, y llamabamos a lo que pod\u00edamos manejar.<\/i> A fin de cuentas, cada uno de los que sigui\u00f3 los ejercicios en serio, acab\u00f3 sin desarrollar lo que quer\u00eda y ganando algo. Recuerdo que Juana Topete quer\u00eda verse mejor sin arreglarse, y lo que consigui\u00f3 fue que ahora puede decirse, despiertate en 20 minutos, y a los 20 minutos se despierta.<\/p>\n<p align=\"JUSTIFY\">En mi caso solo gan\u00e9 un conocimiento intuitivo a veces in\u00fatil, y rara vez se cosas que me sirvan de algo. Es mas, a cada rato se las cosas de tal manera que estoy seguro, y mas de tres se han pegado un susto.<\/p>\n<p align=\"JUSTIFY\">Lo importante del caso es que cada cierto tiempo debemos renunciar a todo nuestro poder, y empezar otra vez el ciclo del h\u00e9roe, para aprender una nueva t\u00e9cnica o disciplina, proceso que durar\u00e1 varios a\u00f1os. jamas una semana, un mes o un a\u00f1o. Una de las primeras trampas que hay que vencer es \u00abrenunciar al poder\u00bb. En un momento u otro del camino, se adquieren facultades o conocimientos diversos, como resultado de <i>estimular<\/i> partes diferentes del cuerpo, coraz\u00f3n, y mente, pero no debemos depender de ellas por varias razones, la mas importante es que no son fiables; pueden surgir en momentos de extrema fuerza o extrema debilidad, o ir y venir en el 50% de nuestra capacidad. Si no es predecible, no es conveniente apostarle a esas facultades, y por lo tanto, es necesario renunciar a ellas, o ignorarlas hasta que aparezcan otra vez o podemos tomar decisiones err\u00f3neas en la batalla.<\/p>\n<p align=\"JUSTIFY\">Mas adelante en el entrenamiento, siempre regresan ciertas cosas que olvidamos, b\u00e1sicamente porque para recordar o entender ciertas cosas necesitamos una cantidad de energ\u00eda determinada. Esto puede ser rid\u00edculo. Por ejemplo, una vez me despert\u00e9 de madrugada a eso de las 03:30, y me pareci\u00f3 que alguien me llamaba por ICQ, no era eso, asi que me sent\u00e9 y me puse a tomar notas sobre un programa que podr\u00eda hacer. Las notas no eran demasiado complejas, porque las pude escribir medio dormido, y despues me fui a acostar.<\/p>\n<p align=\"JUSTIFY\">Las notas eran algo as\u00ed como N\u00fameros primos- factor nueve= Numeros Fibonacci=Encriptado interface CryptoApi Microsoft.<\/p>\n<p align=\"JUSTIFY\">Como es de suponer en la ma\u00f1ana no ten\u00eda idea que demonios era eso. Mas adelante descubr\u00ed que era una f\u00f3rmula resumida para crear autentificaciones de comunicaciones seguras bajo Internet, pero en el momento que las escrib\u00ed eran sumamente claras.<\/p>\n<p align=\"JUSTIFY\">Ahora bien, en algunos casos esa comprensi\u00f3n no puede explicarse, pero en otras s\u00ed. Yo creo que el hombre y la mujer son como m\u00e1quinas que no sabemos como usar, y por eso a veces al hacer cosas sencillas sentimos un bienestar o placer f\u00edsico y emocional, que solo se debe a que utilizamos de manera adecuada los recursos a nuestro alcance. Y los \u00abpoderes\u00bb no son otra cosa que activar nuestros recursos internos, y no son sobrenaturales, sino que no sabemos como activarlos, por eso los pasos de poder pueden producir ciertos efectos, aunque sea a distancia, como \u00bb C \u00bb y otros han experimentado, aun sin estar en un camino de \u00abiniciaci\u00f3n al nagualismo\u00bb<\/p>\n<p align=\"JUSTIFY\">Repito como dije antes, yo no soy mejor que otros, porque morir\u00e9, a veces me doy cuenta de algunas cosas, prefiero pensar que las corazonadas suelen ser ciertas cuando les hacemos caso, y cuando las ignoramos sin analizarlas, es cuando nos herimos nosotros solos. Si tenemos fe y confianza en nosotros mismos, y nos permitimos decidir como debemos, y no como queremos, entonces las corazonadas son ciertas.<\/p>\n<p align=\"JUSTIFY\">Debo recalcar lo que que dije antes, seg\u00fan todas las tradiciones que conozco, en alg\u00fan momento se gana poder, y es necesario renunciar a \u00e9l. Mas tarde o mas temprano ser\u00e1 un obst\u00e1culo para el progreso del estudiante. La facultad a la que se renuncia, a veces regresa y a veces no, pero no vale la pena pensar en ello.<\/p>\n<p align=\"JUSTIFY\">Porque hay momentos de inquietud mental, y momentos de inquietud f\u00edsica, y en esos momentos de duda, quien mejor que el cerebro y el coraz\u00f3n para responderlas?<\/p>\n<hr \/>\n<p><b>Alfonso Orozco &#8211; Mayo 1999 <\/b><\/p>\n","protected":false},"excerpt":{"rendered":"<p>Los poderes (27 &#8211; may &#8211; 99) Hace unas semanas hablaba con una amiga de los cambios que me provoc\u00f3 el entrenamiento. Cambios F\u00edsicos son pocos, solamente la agilidad y la fuerza, que pueden deberse a los \u00abpasos de poder\u00bb, a las pesas o al Kenpo. Pero los cambios mayores son a nivel emocional, como le dije. Los cambios intelectuales son pocos, estoy dispuesto a pensar cuando debo pensar y a sentir cuando debo sentir. No se si este es&#8230;<\/p>\n<p class=\"read-more\"><a class=\"btn btn-default\" href=\"https:\/\/nahual.org\/antiguo\/los-poderes\/\"> Leer m\u00e1s<span class=\"screen-reader-text\">  Leer m\u00e1s<\/span><\/a><\/p>\n","protected":false},"author":1,"featured_media":0,"parent":0,"menu_order":0,"comment_status":"closed","ping_status":"open","template":"","meta":{"_crdt_document":"","footnotes":""},"class_list":["post-26","page","type-page","status-publish","hentry"],"_links":{"self":[{"href":"https:\/\/nahual.org\/antiguo\/wp-json\/wp\/v2\/pages\/26","targetHints":{"allow":["GET"]}}],"collection":[{"href":"https:\/\/nahual.org\/antiguo\/wp-json\/wp\/v2\/pages"}],"about":[{"href":"https:\/\/nahual.org\/antiguo\/wp-json\/wp\/v2\/types\/page"}],"author":[{"embeddable":true,"href":"https:\/\/nahual.org\/antiguo\/wp-json\/wp\/v2\/users\/1"}],"replies":[{"embeddable":true,"href":"https:\/\/nahual.org\/antiguo\/wp-json\/wp\/v2\/comments?post=26"}],"version-history":[{"count":0,"href":"https:\/\/nahual.org\/antiguo\/wp-json\/wp\/v2\/pages\/26\/revisions"}],"wp:attachment":[{"href":"https:\/\/nahual.org\/antiguo\/wp-json\/wp\/v2\/media?parent=26"}],"curies":[{"name":"wp","href":"https:\/\/api.w.org\/{rel}","templated":true}]}}