{"id":28,"date":"2020-07-13T19:10:45","date_gmt":"2020-07-13T19:10:45","guid":{"rendered":"https:\/\/nahual.org\/antiguo\/?p=28"},"modified":"2020-08-08T19:13:08","modified_gmt":"2020-08-08T19:13:08","slug":"preguntas-varias-2","status":"publish","type":"page","link":"https:\/\/nahual.org\/antiguo\/preguntas-varias-2\/","title":{"rendered":"Preguntas varias 2"},"content":{"rendered":"<p align=\"JUSTIFY\">Como recordar\u00e1n la semana pasada puse algunas preguntas que me han hecho a lo largo de este mes, y el resultado fue que otras personas me hicieron mas preguntas, varias de ellas muy interesantes.<\/p>\n<p align=\"JUSTIFY\">A continuaci\u00f3n separar\u00e9 las preguntas seg\u00fan el orden en que se recibieron y fueron contestadas, y por la persona que las realiz\u00f3.<\/p>\n<h3>PERSONA 1; Preguntas sobre el silencio<\/h3>\n<ol>\n<li style=\"list-style-type: none;\">\n<ol>\n<li>Como sabe, en el tiempo que estuve con mi problema personal, descuid\u00e9 las relaciones de trabajo con una persona que empez\u00f3 a hacer comentarios indebidos y falsos, de mala fe, sobre mi vida privada. Que debo hacer?<\/li>\n<\/ol>\n<\/li>\n<\/ol>\n<p>&nbsp;<\/p>\n<p align=\"JUSTIFY\">Lo primero que debes hacer es variable seg\u00fan la posici\u00f3n de esta persona en el organigrama <i>respecto a la tuya<\/i>. Desgraciadamente aunque seas mujer, es un problema que deber\u00e1s resolver sola, porque tus superiores no te ayudar\u00e1n. En todos los casos, es conveniente que no le des pie con tus acciones a que te dirija la palabra fuera de las necesidades del trabajo; no debes ser grosera, pero tampoco blanda. Te sugiero que no hables con el en ninguna circunstancia que no sea obligatoria por trabajo, y si entra en una habitaci\u00f3n ,sal de ella. En caso que sea tu superior, el caso es un poco diferente, pero debes aclararme los detalles primero<\/p>\n<p>&nbsp;<\/p>\n<ol>\n<li style=\"list-style-type: none;\">\n<ol>\n<li>Es conveniente dar explicaciones a los dem\u00e1s?<\/li>\n<\/ol>\n<\/li>\n<\/ol>\n<p>&nbsp;<\/p>\n<p align=\"JUSTIFY\">No estar\u00eda moralmente mal, pero ser\u00eda desastroso. Dicen que el que calla otorga, pero el que discute da la raz\u00f3n. Cuentan que a una amante del Rey Luis XV la acusaban de brujer\u00eda y envenenar al rey &#8230; ella lo neg\u00f3&#8230; despu\u00e9s se dijo que ella lo hab\u00eda hecho con polvos azules, as\u00ed que ret\u00f3 a sus acusadores a que buscaran en su casa los polvos azules.. lo que hizo que todos estuvieran seguros de que ella lo envenenaba, porque se empezaron a negar detalles y no el hecho central.<\/p>\n<p>&nbsp;<\/p>\n<ol>\n<li>Ganar\u00eda algo al quedarme callada?<\/li>\n<\/ol>\n<p>&nbsp;<\/p>\n<p align=\"JUSTIFY\">Mucho; a nivel laboral ver\u00edan que no causas problemas, y si conservas tu autocontrol, crear\u00e1s en ti una gran capacidad para reaccionar, y podr\u00e1s aumentar tu capacidad de resistir la presi\u00f3n. Desde un punto de vista mas pr\u00e1ctico, es muy \u00fatil por tres razones:<\/p>\n<p>&nbsp;<\/p>\n<ul>\n<li style=\"list-style-type: none;\">\n<ul>\n<li>Si alguien cree lo que se est\u00e1 diciendo de ti, ser\u00e1 claro de quienes son tus amigos y tus enemigos<\/li>\n<li>Tienes una defensa perfecta a tu alcance en el silencio. Entre otras cosas, todo el mundo har\u00e1 suposiciones.<\/li>\n<li>Y a ti que? Que ganar\u00edas con buscar un enfrentamiento? Que puedes ganar? Que se te salgan las l\u00e1grimas o el coraje y quedes como una hist\u00e9rica. Si quieres un enfrentamiento real, av\u00edsame y armaremos una estrategia.<\/li>\n<\/ul>\n<\/li>\n<\/ul>\n<h3>PERSONA 2; Sobre la conciencia acrecentada<\/h3>\n<ol>\n<li style=\"list-style-type: none;\">\n<ol>\n<li>Porqu\u00e9 no has hablado de la conciencia acrecentada?<\/li>\n<\/ol>\n<\/li>\n<\/ol>\n<p>&nbsp;<\/p>\n<p align=\"JUSTIFY\">La conciencia acrecentada f\u00e1cilmente puede entenderse mal. Por principio de cuentas entendemos que la conciencia puede acrecentarse. SI.. suena muy bonito&#8230; pero que es la conciencia??? <b><u><span style=\"color: #ff0000;\">CONCIENCIA<\/span><\/u><span style=\"color: #ff0000;\"> es la capacidad de cambio, elecci\u00f3n y autogobierno<\/span><\/b> Ahora bien&#8230; este cambio la mayor\u00eda de la gente trata de activarlo a trav\u00e9s de ayudas psicol\u00f3gicas o fisiol\u00f3gicas, o simplemente con la ayuda de la mente. Y por principio de cuentas no puede obtenerse conciencia acrecentada si no se tiene conciencia del mundo de todos los d\u00edas.<\/p>\n<p align=\"JUSTIFY\">Desgraciadamente en la pr\u00e1ctica esto indica que la gente se hace tonta sola&#8230; porque la mayor parte de la gente, y de los \u00abaspirantes a guerrero\u00bb, entienden por mente al deseo de aprender o querer realizar un cambio m\u00e1gico. Seg\u00fan como lo vean, la mente puede ser eso a lo que todos dicen poseer, o podemos entender mente como lo que es: <b><u><span style=\"color: #ff0000;\">MENTE<\/span><\/u><span style=\"color: #ff0000;\"> es la inteligencia y conciencia nacida de un aprendizaje en estado de vigilia intensificada<\/span><\/b>.<\/p>\n<p align=\"JUSTIFY\">Por otra parte, muchas veces ese deseo de cambiar nos puede hacer creer en el ma\u00f1ana, en la posibilidad de cambio.<\/p>\n<p align=\"JUSTIFY\">El estado de conciencia acrecentada, es posible desencadenarlo de muchos modos, a trav\u00e9s de choques emocionales, a trav\u00e9s de acciones que conserven nuestra energ\u00eda. A fin de cuentas, es un tema demasiado amplio para tratarlo por encima, como dije antes, el estado de conciencia acrecentada puede crear algo muy desagradable, porque su primer efecto es magnificar a la persona; recuerdo que en 1989 un aprendiz del Nagual Rosendo (de la 4ta l\u00ednea ), dej\u00f3 al Nagual Rosendo al entender que el llamado Socio An\u00f3nimo, equivalente al Silvio Manuel de Don Juan, se hab\u00eda inclinado por el sendero de la izquierda, y fue a dar con el Nagual Rafael<\/p>\n<p align=\"JUSTIFY\">A los que conocen la historia de Brenda, como tu, entender\u00e1n porque fue tan brutal el cambio para ese aprendiz. Los m\u00e9todos de expansi\u00f3n de Conciencia acrecentada dependen de muchas cosas, y es sumamente importante que uno sepa que quiere <b>ANTES DE SIQUIERA INTENTAR CAMBIAR A VIGILIA INTENSIFICADA.<\/b><\/p>\n<p align=\"JUSTIFY\">Este aprendiz se llevo un shock terrible al darse cuenta que estaba contaminado por un modo de ver al mundo; y que su poder personal, que empez\u00f3 siendo como el agua de un pozo.. termin\u00f3 convertido en algo que era solo una burla. EL hecho de estar en un entorno determinado, hace que olvidemos el estado normal de las cosas. Cuando estamos fuera de ese medio, podemos entender. Ahora .. piensa lo que le paso a un aprendiz lleno de poder, que de repente descubre que fue utilizado en sus a\u00f1os de gloria, en los a\u00f1os en que pudo expandir los limites de su intento, y que adem\u00e1s ten\u00eda ahora el problema de desactivar un mal entrenamiento.<\/p>\n<p align=\"JUSTIFY\">Quiz\u00e1 no suena tan terrible como es.. pero yo lo vi, supongo que lo que paso a el es similar a encontrar a los 30 un diario lleno de anhelos de juventud que fueron corrompidos y puestos en venta.<\/p>\n<p align=\"JUSTIFY\">Adicionalmente, a trav\u00e9s de las hojas o libros que en su momento escriba no podr\u00e9 hacer el an\u00e1lisis necesario de los factores MINIMOS del que quiere mover los l\u00edmites de su conciencia.. es decir.. seguramente hablar\u00e9 en su momento de algunas t\u00e9cnicas sencillas, pero mas que nada hablar\u00e9 de consecuencias de lo que aprend\u00ed en estado de vigilia intensificada. NO HABLARE EXCEPTO EN PERSONA DE LAS TECNICAS, SOLO DE LAS EXPERIENCIAS; POR PROTECCION DE LOS QUE LEEN ESTO.<\/p>\n<p align=\"JUSTIFY\">Mi funci\u00f3n como Nagual es ser un punto de referencia, una especie de faro o gu\u00eda, proteger y nutrir, jam\u00e1s ser\u00e1 dar a los buscadores de la verdad algo que pueda destruirlos.<\/p>\n<p align=\"JUSTIFY\">En ciertos casos puedo hablar de las t\u00e9cnicas sencillas, pero nunca, jam\u00e1s, escribir\u00e9 o dar\u00e9 por Internet indicaciones mayores a eso.<\/p>\n<p>&nbsp;<\/p>\n<ol>\n<li style=\"list-style-type: none;\">\n<ol>\n<li>Los pasos de poder, existen? Eso es la Tensegridad?<\/li>\n<\/ol>\n<\/li>\n<\/ol>\n<p>&nbsp;<\/p>\n<p align=\"JUSTIFY\">Los pasos de poder si existen, pero nada que ver con la Tensegridad. La relaci\u00f3n hist\u00f3rica de la tensegridad con los yaquis o los toltecas est\u00e1 tan probada y es tan cre\u00edble como la existencia de Asterix y Obelix.<\/p>\n<p align=\"JUSTIFY\">La tensegridad es algo muy diferente. Seg\u00fan lo que pude hablar con el Nagual Rosendo despu\u00e9s de que salvara mi brazo herido, su l\u00ednea coincide con la m\u00eda en algo. La tensegridad no es algo hecho por Carlos Castaneda o Don Juan, sino un movimiento diferente creado por disc\u00edpulos de el; seg\u00fan el maestro es el resultado. Observaciones de ambos nos llevan a pensar que se incluyen algunos movimientos de lo que llamamos \u00abdisolventes\u00bb, porque permiten la relajaci\u00f3n del sistema nervioso \/ l\u00edmbico \/ Muscular.<\/p>\n<p align=\"JUSTIFY\">Seg\u00fan nuestro punto de vista la Tensegridad es un riesgo para los que la practican; lo que puede obtenerse por su medio es sumamente vago, y en el mejor de los casos, creemos que puede ser mas \u00fatil un \u00abentrenamiento\u00bb en Kinesiolog\u00eda, o en yoga sencillo, e inclusive en meditaci\u00f3n Trascendental o Tai Chi.<\/p>\n<p align=\"JUSTIFY\">Aunque no conozco mas que a practicantes de Tensegridad, y no conozco a un solo maestro, los beneficios que he visto son tangenciales. La impresi\u00f3n de Rosendo, que valoro en lo que vale, es que Tensegridad fue escrito de manera tan diferente a los anteriores por seguidores de Carlos que vieron la oportunidad de hacer un bonito negocio. Por otra parte, esta opini\u00f3n es sumamente l\u00f3gica, y yo he <i>visto<\/i> que ni el libro de Tensegridad de Carlos Castaneda, ni \u00abla rueda del tiempo\u00bb, fueron escritos alguien serio.<\/p>\n<p align=\"JUSTIFY\">Por otra parte me parece sumamente oportuno que haya dejado Carlos atr\u00e1s a su muerte a tantos disc\u00edpulos \u00abpreparados\u00bb en lo ultimo que escribi\u00f3. Y que Florinda Donner ( no Grau ), revuelva Chamanismo con Nagualismo. Sin comentarios.<\/p>\n<p>&nbsp;<\/p>\n<ol>\n<li>Que es realmente la ense\u00f1anza para el lado izquierdo y para el lado derecho? Has hablado del camino de la derecha, tiene eso que ver?<\/li>\n<\/ol>\n<p>&nbsp;<\/p>\n<p align=\"JUSTIFY\">El camino de la derecha se refiere al camino de la ley y el orden, la ense\u00f1anza del lado izquierdo se refiere no al lado negativo, sino a la sombra del guerrero, a lo que solo puede entenderse estando en un estado de Vigilia intensificada. La ense\u00f1anza para el lado derecho se refiere a aquello que podemos entender y aplicar en el mundo de todos los d\u00edas, la ense\u00f1anza del lado izquierdo no es aplicable excepto en el momento en que el guerrero cambia CONSCIENTEMENTE, no involuntariamente, de estados de conciencia en base a los que podemos llamar Comandos Cuerdos.<\/p>\n<p>&nbsp;<\/p>\n<h3>PERSONA 3; Sobre seminarios y cursos de Nagualismo<\/h3>\n<ol>\n<li style=\"list-style-type: none;\">\n<ol>\n<li>Crees que Brandon sea el nuevo Nagual, heredero de Carlos?<\/li>\n<\/ol>\n<\/li>\n<\/ol>\n<p>&nbsp;<\/p>\n<p align=\"JUSTIFY\">De la nueva ola de disc\u00edpulos de Carlos es el que suena mas razonable y coherente. Un incidente que alguien me cont\u00f3 por ejemplo, era sobre un d\u00eda que le pidi\u00f3 a Carlos que le diera un golpe en la espalda para hacerlo cambiar de niveles de conciencia, y la respuesta que le dio Carlos me encant\u00f3: ( no son las palabras exactas)<\/p>\n<p align=\"JUSTIFY\"><i>\u00abHay dos formas b\u00e1sicas de cambiar a conciencia acrecentada, con el golpe en la espalda, o con concentraci\u00f3n y disciplina. A ti te corresponde el segundo camino\u00bb<\/i><\/p>\n<p align=\"JUSTIFY\">Personalmente, creo que Brandon es el mas coherente, e impecable de ellos, pero no lo puedo recomendar plenamente porque no lo conozco.<\/p>\n<p>&nbsp;<\/p>\n<ol>\n<li style=\"list-style-type: none;\">\n<ol>\n<li>Porqu\u00e9 no hablas mas de Carlos ?<\/li>\n<\/ol>\n<\/li>\n<\/ol>\n<p>&nbsp;<\/p>\n<p align=\"JUSTIFY\">Por dos razones: Carlos Castaneda probablemente mezcla a tres personas o m\u00e1s en un COMPENDIO , lo que podr\u00eda hablar de el, serian eso, solo palabras. Lo que vale la pena de \u00e9l esta escrito en sus libros principalmente en el segundo anillo de poder, y en el conocimiento silencioso. La claridad de mente es indispensable, y para alguien que investigue sobre los yaquis y el zen, se ver\u00e1 que la claridad de Castaneda resulta bastante obscura.<\/p>\n<p align=\"JUSTIFY\">Puedo hacer comparaciones de lo que el dice con lo que yo viv\u00ed, y aclarar dudas en lo posible que hayan surgido por sus libros, recordando siempre que mi entrenamiento fue bajo un \u00abmodelo diferente\u00bb, basado en las acciones y peleas morales, torturando mi amor y no mi miedo, como le paso a el, por otra parte, lo que importa es la persona. El castaneda de los primeros libros ofreci\u00f3 un modo de ser guerrero, y no quiero que parezca que lucro en base a su memoria. Los muertos merecen Paz.<\/p>\n<p>&nbsp;<\/p>\n<ol>\n<li style=\"list-style-type: none;\">\n<ol>\n<li>Has ido a uno de los seminarios de las ense\u00f1anzas del grupo de Carlos, o de V\u00edctor S\u00e1nchez o Don Miguel Ruiz?<\/li>\n<\/ol>\n<\/li>\n<\/ol>\n<p>&nbsp;<\/p>\n<p align=\"JUSTIFY\">No he ido a ning\u00fan seminario y nunca ir\u00e9. Sinceramente es un poco rid\u00edculo creer que es posible aprender la \u00abrespiraci\u00f3n del tigre dientes de sable\u00bb, y que esta es una ense\u00f1anza dada por Carlos. Es cierto que la respiraci\u00f3n es b\u00e1sica, pero el s\u00edmbolo no es coherente con el esp\u00edritu de los libros.<\/p>\n<p align=\"JUSTIFY\">V\u00edctor S\u00e1nchez no pertenece a las 4 l\u00edneas, pero lo que se habla de \u00e9l lo pinta como un hombre razonable con conocimientos de chamanismo, cuando el habla de los poder\u00edos, que son los elementos y la voluntad del hombre, me resulta extra\u00f1o que se conjuguen en una sola frase el poder del ser humano ( poder\u00edo de la voluntad ), junto con el dominio de la naturaleza. La naturaleza siempre nos derrotar\u00e1. Es una batalla perdida, y debemos luchar por la oportunidad de tener una oportunidad, no pelear batallas perdidas. En Internet hay sitios sobre el.. vale la pena leerlos, pero con reservas.<\/p>\n<div class=\"faqanswer\">\n<blockquote>\n<p align=\"JUSTIFY\">Olvid\u00e9 decir de lesionados de primera mano que conozco de sus cursos. N que se rompi\u00f3 una pierna corriendo con los ojos vendados haciendo que el equipo de VS no supiera que hacer, y Pablo, que se fue cuando se rompi\u00f3 una cuerda haciendo Rappel y no se lastim\u00f3 de puro milagro. El Victor Sanchez que presenta una posibilidad, es el mismo que mas adelante se relacionar\u00eda con la idea de vestirse de mujer, y que no es bienvenido en comunidades huicholas por faltar a sus promesas.<\/p>\n<\/blockquote>\n<\/div>\n<p align=\"JUSTIFY\">Miguel Ruiz es otro posible Nagual solamente que sus ense\u00f1anzas son demasiado similares a Castaneda mezcladas con algunos puntos de los yaquis\/tarahumaras. Nunca me ha llamado la atenci\u00f3n, pero no he percibido la intensidad que debe tener un Nagual. Una amiga hablaba de Don Miguel Ruiz como un \u00abCastaneda Light\u00bb que va que vuela a convertirse en un guru de autoayuda, comerciante de lo sagrado. La relaci\u00f3n de los toltecas con el mas que dudosa.<\/p>\n<p align=\"JUSTIFY\">Por ultimo.. la asociaci\u00f3n ClearGreen Evergreen o como se llame, esta lucrando solamente. Sugiero mantenerse alejados de ella, <i>seg\u00fan lo que puedo ver es un movimiento organizado para comercializar una tomada de pelo.<\/i><\/p>\n<p>&nbsp;<\/p>\n<ol>\n<li>Cuando cambio a un modo de vista diferente, con los ojos.. entiendo mejor las cosas.. pero no siento dolor al hacerlo aunque entiendo mas. Qu\u00e9 estoy haciendo mal?<\/li>\n<\/ol>\n<p>&nbsp;<\/p>\n<p align=\"JUSTIFY\">Aparentemente nada. El intento se llama con los ojos, por lo que puedo aventurar la impresi\u00f3n que estas haciendo cambios ligeros en tus estados de conciencia. El dolor es se\u00f1al de que algo esta mal, no que esta bien. Lee la pagina que sub\u00ed sobre <a href=\"http:\/\/rojointenso.net\/foros\/index.php?showtopic=1033\" target=\"_blank\" rel=\"noopener noreferrer\">el dolor, amigo o enemigo<\/a>.<\/p>\n<p>&nbsp;<\/p>\n<h3>PERSONA 4; Mecaniscismo<\/h3>\n<ol>\n<li style=\"list-style-type: none;\">\n<ol>\n<li>En su p\u00e1gina personal habla de reaccionar en lugar de actuar. Porqu\u00e9 es esto deseable?<\/li>\n<\/ol>\n<\/li>\n<\/ol>\n<p>&nbsp;<\/p>\n<p align=\"JUSTIFY\">Nunca dije que fuera deseable. En la p\u00e1gina hablaba de una temporada en que deb\u00ed reaccionar en lugar de actuar.. por la sencilla raz\u00f3n de sobrevivir. Cambiar al lobo, o a conciencia acrecentada visible, hubiera causado mi destrucci\u00f3n; debido a que estaba rodeado de <a href=\"http:\/\/rojointenso.net\/foros\/index.php?showtopic=1021\" target=\"_blank\" rel=\"noopener noreferrer\">Pinches Tiranos<\/a>, y hubiera perdido de vista el objetivo de lo que me encarg\u00f3 el Nagual Rafael.. conocer los modos del mundo.<\/p>\n<p align=\"JUSTIFY\">Sin embargo, no es indeseable en lo absoluto.. la capacidad de reacci\u00f3n pertenece al lado izquierdo de manera autom\u00e1tica, as\u00ed como debe pensarse y trabajarse en la acci\u00f3n de modo consciente.<\/p>\n<p align=\"JUSTIFY\">En el lado derecho es a la inversa, la reacci\u00f3n debe ser Consciente, y la acci\u00f3n suele ser autom\u00e1tica.<\/p>\n<p>&nbsp;<\/p>\n<ol>\n<li style=\"list-style-type: none;\">\n<ol>\n<li>Alguien me dijo que para Gurdjieff el hombre es una m\u00e1quina descompuesta, como es eso?<\/li>\n<\/ol>\n<\/li>\n<\/ol>\n<p>&nbsp;<\/p>\n<p align=\"JUSTIFY\">A grandes rasgos, en libros varios escritos por seguidores de Gurdjieff, (que yo recuerde Gurdjieff nunca dice nada la respecto directamente ), se habla que el cuerpo humano es un mecanismo subutilizado. En el Nagualismo se me ense\u00f1\u00f3 que el hombre no solo no utiliza su mente, sino no utiliza su cuerpo de la manera adecuada, lo que podemos demostrar cuando al hacer equis cosa sin relaci\u00f3n nos viene una sensaci\u00f3n de paz y poder, o de simple bienestar f\u00edsico, sin raz\u00f3n aparente. Generalmente se debe a que usamos un \u00abgatillo\u00bb que libera o utiliza una parte de nosotros mismos. Podr\u00edamos decir que los movimientos de poder son t\u00e9cnicas para encontrar y usar esos gatillos.<\/p>\n<p>&nbsp;<\/p>\n<ol>\n<li style=\"list-style-type: none;\">\n<ol>\n<li>Alguien me habl\u00f3 de un maestro en mi pa\u00eds llamado Adri\u00e1n Fuentes, el habla de lo mismo de los cambios a bestia o a \u00abfr\u00eda m\u00e1quina\u00bb que usted me dec\u00eda en un correo.. sabe algo de el?<\/li>\n<\/ol>\n<\/li>\n<\/ol>\n<p>&nbsp;<\/p>\n<p align=\"JUSTIFY\">Por lo que he sabido Adri\u00e1n Fuentes es un maestro verdadero, en Chile. Es un poco dif\u00edcil encontrarlo, pero vale la pena el esfuerzo, lo ultimo que supe de el es que ten\u00eda un grupo de trabajo cerca del aeropuerto all\u00e1 en Santiago. Mas adelante hablar\u00e9 con mas detalle del cambio a esa fr\u00eda m\u00e1quina, pero est\u00e1s en lo cierto al pensar que no puede separarse de lo que hay atr\u00e1s del cambio a la Noble Bestia <i>aunque son dos cosas diferentes.<\/i><\/p>\n<p>&nbsp;<\/p>\n<ol>\n<li>Que son los mandalas, sudras y mudras de que hablaba? En los libros de Castaneda no menciona nada de eso.<\/li>\n<\/ol>\n<p>&nbsp;<\/p>\n<p align=\"JUSTIFY\">Los sudras y mudras tienen que ver con clases sociales de ciertas civilizaciones o culturas, cuando hablo de ellas lo hago en t\u00e9rminos de Yoga, nada que ver con el aspecto social. Carlos Castaneda no los menciona para nada, en eso tienes raz\u00f3n, el t\u00e9rmino lo uso yo por mis conocimientos previos de Yoga antes de entrar al Nagualismo.<\/p>\n<p align=\"JUSTIFY\">Estas No son definiciones literales, pero creo que te servir\u00e1n.<\/p>\n<p>&nbsp;<\/p>\n<ul>\n<li>MANDALA: Representaci\u00f3n gr\u00e1fica encaminada a facilitar la comprensi\u00f3n de una verdad c\u00f3smica.<\/li>\n<li>ASANA: Postura correcta para asumir la meditaci\u00f3n<\/li>\n<li>MUDRA: Gesto de car\u00e1cter ritual efectuado con brazos y manos<\/li>\n<li>MANTRA: Invocaci\u00f3n edificante<b><i> Org\u00e1nicamente<\/i><\/b> que se conjuga con la invocaci\u00f3n propiamente dicha.<\/li>\n<\/ul>\n<p>&nbsp;<\/p>\n<h3>PERSONA 5; Sobre vidas pasadas<\/h3>\n<ol>\n<li style=\"list-style-type: none;\">\n<ol>\n<li>Una de las cosas que me gustar\u00eda me dieses tu opini\u00f3n, es acerca de la reencarnaci\u00f3n, Castaneda parece que la niega&#8230; tu que opinas??<\/li>\n<\/ol>\n<\/li>\n<\/ol>\n<p>&nbsp;<\/p>\n<p align=\"JUSTIFY\">La reencarnaci\u00f3n debe ser posible, la materia no se crea ni se destruye, solo se transforma, pero no para todos por el sencillo hecho de que si una persona no ha reunido el poder personal necesario para actuar como un guerrero y hacer acciones perdurables, menos va a poder actuar <i>fuera de este mundo<\/i>. El t\u00e9rmino que usa Gurdjieff es \u00ablas nubecillas no sobreviven\u00bb, si las personas se dejan llevar por el viento, que puede perdurar de ellas?<\/p>\n<p>&nbsp;<\/p>\n<ol>\n<li style=\"list-style-type: none;\">\n<ol>\n<li>Se que en mi vida pasada mor\u00ed de una forma horrible, eso puede indicar que era una mala persona?<\/li>\n<\/ol>\n<\/li>\n<\/ol>\n<p>&nbsp;<\/p>\n<p align=\"JUSTIFY\">Esta pregunta es dif\u00edcil de contestar, puede ser eso o que ese d\u00eda cenaste algo que te cay\u00f3 mal. Preoc\u00fapate por el ahora y aqu\u00ed mismo. Lo importante es la situaci\u00f3n actual, las posibilidades de desarrollo que son importantes, son ahora y aqu\u00ed mismo, no en otras vidas o en otros mundos.<\/p>\n<p>&nbsp;<\/p>\n<ol>\n<li style=\"list-style-type: none;\">\n<ol>\n<li>Que puedo aprender de mis vidas pasadas?<\/li>\n<\/ol>\n<\/li>\n<\/ol>\n<p>&nbsp;<\/p>\n<p align=\"JUSTIFY\">Muchas cosas pero para fines pr\u00e1cticos NADA. El esfuerzo de regresar en el tiempo es excesivo, y aunque hay gentes dedicadas a ese tipo de regresiones, el gasto de energ\u00eda es excesivo, porque suele conducir a la importancia personal.<\/p>\n<p>&nbsp;<\/p>\n<ol>\n<li style=\"list-style-type: none;\">\n<ol>\n<li>En mis meditaciones he visto cosas raras sobre vidas pasadas.. como puedo distinguirlas de la imaginaci\u00f3n?<\/li>\n<\/ol>\n<\/li>\n<\/ol>\n<p>&nbsp;<\/p>\n<p align=\"JUSTIFY\">Primero&#8230; Si recuerdas que en una vida pasada fuiste alguien importante, lo mas seguro es que sea imaginaci\u00f3n.. pero por ejemplo, si te ves a ti mismo como una persona sin nombre en la historia, es mas probable que la experiencia sea verdadera.<\/p>\n<p align=\"JUSTIFY\">Segundo: La emoci\u00f3n. Tus emociones son la \u00fanica br\u00fajula para darte cuenta si es sue\u00f1o o no; no pidas mas detalles.<\/p>\n<p align=\"JUSTIFY\">Tercero: Si te ves a ti mismo de diferente sexo, estas imaginando cosas. La acumulaci\u00f3n de poder personal y experiencias inici\u00e1ticas necesarias para sobrevivir a la muerte, est\u00e1n claramente relacionados e identificados con la polaridad de tu carga; nadie puede ser en otra vida de otro sexo, seg\u00fan lo que he aprendido.<\/p>\n<p>&nbsp;<\/p>\n<ol>\n<li>Puede usted ayudarme a regresar a conocer mis vidas pasadas?<\/li>\n<\/ol>\n<p>&nbsp;<\/p>\n<p align=\"JUSTIFY\">Es posible.. pero mejor haz algo que te sirva en esta realidad.<\/p>\n<p>&nbsp;<\/p>\n<hr \/>\n<p><b>Alfonso Orozco &#8211; Junio 1999 <\/b><\/p>\n","protected":false},"excerpt":{"rendered":"<p>Como recordar\u00e1n la semana pasada puse algunas preguntas que me han hecho a lo largo de este mes, y el resultado fue que otras personas me hicieron mas preguntas, varias de ellas muy interesantes. A continuaci\u00f3n separar\u00e9 las preguntas seg\u00fan el orden en que se recibieron y fueron contestadas, y por la persona que las realiz\u00f3. PERSONA 1; Preguntas sobre el silencio Como sabe, en el tiempo que estuve con mi problema personal, descuid\u00e9 las relaciones de trabajo con una&#8230;<\/p>\n<p class=\"read-more\"><a class=\"btn btn-default\" href=\"https:\/\/nahual.org\/antiguo\/preguntas-varias-2\/\"> Leer m\u00e1s<span class=\"screen-reader-text\">  Leer m\u00e1s<\/span><\/a><\/p>\n","protected":false},"author":1,"featured_media":0,"parent":0,"menu_order":0,"comment_status":"closed","ping_status":"open","template":"","meta":{"_crdt_document":"","footnotes":""},"class_list":["post-28","page","type-page","status-publish","hentry"],"_links":{"self":[{"href":"https:\/\/nahual.org\/antiguo\/wp-json\/wp\/v2\/pages\/28","targetHints":{"allow":["GET"]}}],"collection":[{"href":"https:\/\/nahual.org\/antiguo\/wp-json\/wp\/v2\/pages"}],"about":[{"href":"https:\/\/nahual.org\/antiguo\/wp-json\/wp\/v2\/types\/page"}],"author":[{"embeddable":true,"href":"https:\/\/nahual.org\/antiguo\/wp-json\/wp\/v2\/users\/1"}],"replies":[{"embeddable":true,"href":"https:\/\/nahual.org\/antiguo\/wp-json\/wp\/v2\/comments?post=28"}],"version-history":[{"count":0,"href":"https:\/\/nahual.org\/antiguo\/wp-json\/wp\/v2\/pages\/28\/revisions"}],"wp:attachment":[{"href":"https:\/\/nahual.org\/antiguo\/wp-json\/wp\/v2\/media?parent=28"}],"curies":[{"name":"wp","href":"https:\/\/api.w.org\/{rel}","templated":true}]}}