{"id":31,"date":"2020-07-12T16:36:23","date_gmt":"2020-07-12T21:36:23","guid":{"rendered":"https:\/\/nahual.org\/antiguo\/?p=31"},"modified":"2020-08-08T16:36:57","modified_gmt":"2020-08-08T21:36:57","slug":"preguntas-varias","status":"publish","type":"page","link":"https:\/\/nahual.org\/antiguo\/preguntas-varias\/","title":{"rendered":"Preguntas Varias"},"content":{"rendered":"<p align=\"JUSTIFY\">A lo largo de este mes he recibido varias preguntas cuya contestaci\u00f3n no ameritaba una p\u00e1gina, y las he contestado a trav\u00e9s de Emails o ICQ, con excepci\u00f3n de una persona que indic\u00f3 que por estos d\u00edas ir\u00eda a la sierra, es la \u00fanica persona a la que no le ped\u00ed permiso para reproducir sus preguntas, pero al contestarlas aqu\u00ed creo hacer lo correcto. De las preguntas realizadas por estas personas, algunas son referentes a cosas profundas, otras muy simplistas, otras no tienen que ver. En general creo que es una muestra de lo que representa el n\u00facleo del Nagualismo. La libertad de pensamiento.<\/p>\n<p align=\"JUSTIFY\">Creo que esta hoja les ser\u00e1 muy \u00fatil, si quieren a\u00f1adir sus propias preguntas, adelante.<\/p>\n<p align=\"JUSTIFY\">A continuaci\u00f3n separar\u00e9 las preguntas seg\u00fan el orden en que se recibieron y fueron contestadas, y por la persona que las realiz\u00f3.<\/p>\n<h3>PERSONA 1; Preguntas sobre presencias y seres elementales<\/h3>\n<ol>\n<li style=\"list-style-type: none;\">\n<ol>\n<li>Desde que dej\u00e9 a mi novio el a\u00f1o pasado y me qued\u00e9 sin trabajo, de repente siento presencias en mi cuarto, que puede ser?<\/li>\n<\/ol>\n<\/li>\n<\/ol>\n<p><dir><\/p>\n<p align=\"JUSTIFY\">Los dos hechos que mencionas son crisis dentro del ciclo de vida normal, pero cuando esto sucede, una parte suele ponerse mas receptiva o abierta <i>cuando no se han solucionado estas crisis<\/i>. Como todav\u00eda no has encontrado trabajo y sigues pensando en el novio, se abren 3 posibilidades:<\/p>\n<ul>\n<li>Te pones a buscar trabajo en serio, tom\u00e1ndolo como si fuera lo mas importante y sabiendo que la persona adecuada llegar\u00e1 en su momento ( la actitud mas sana )<\/li>\n<li>Sales a resolver tus problemas y olvidar tus penas tratando de sacar un clavo y no pensando, dici\u00e9ndote as\u00ed soy y qu\u00e9, deben aceptarme, me las van a pagar, etc, buscar venganza y desquitarte en otros, ver que tan irresistible eres. ( actitud mas com\u00fan pero mas negativa tambi\u00e9n )<\/li>\n<li>Quedarte en tu cuarto lament\u00e1ndote. ( lo que creo est\u00e1s haciendo )<\/li>\n<\/ul>\n<p><\/dir><dir><\/p>\n<p align=\"JUSTIFY\">Como est\u00e1s presionada emocionalmente, te has sensibilizado a ciertos fen\u00f3menos. Los sentimientos viajan, y aunque uno no pueda verlos, con entrenamiento adecuado o con per\u00edodos de debilidad, uno puede sentirlos e interpretarlos. Por lo que me dices parece que esas presencias son sentimientos fuera de control, de otras personas, dirigidos a ti.<\/p>\n<p><\/dir><\/p>\n<ol>\n<li style=\"list-style-type: none;\">\n<ol>\n<li>Porqu\u00e9 mi perra se pone a ladrarle al aire cuando siento una de esas presencias?<\/li>\n<\/ol>\n<\/li>\n<\/ol>\n<p><dir><\/p>\n<p align=\"JUSTIFY\">Los animales reaccionan mucho a los estados de \u00e1nimo de las personas y sus due\u00f1os, sobre todo se basan en esas emociones, no en las palabras ni en lo que ven; no me aclaras si el animalito reacciona a cualquier presencia o a una en especial. Es posible que detecte alg\u00fan sentimiento malo contra ti , pero no debes preocuparte. Si las cosas estuvieran graves, el animal aullar\u00eda, pero cree que tu puedes contra lo que sea que te esta dando lata. Si la perra gru\u00f1\u00eda a alguien que tu conocieras de la misma manera, es probable que ya sepas de donde salen esos sentimientos.<\/p>\n<p><\/dir><\/p>\n<ol>\n<li>Como puedo deshacerme de esas cosas?<\/li>\n<\/ol>\n<p><dir><dir><\/p>\n<p align=\"JUSTIFY\">B\u00e1sicamente, no pienses en tu exnovio, s\u00e9 que es mas f\u00e1cil decirlo que hacerlo; acepta el trabajo que se ve mas o menos bueno del que me comentabas, y lee las p\u00e1ginas que pondr\u00e9 sobre t\u00e9cnicas de defensa a mediados o fines de mes. Trata de NUNCA tener el est\u00f3mago completamente vac\u00edo, comer pan integral es lo m\u00e1s pr\u00e1ctico, aunque tengas que lavarte los dientes a cada rato.<\/p>\n<p><\/dir><\/dir><\/p>\n<h3>PERSONA 2; Sobre mi entrenamiento y caracter\u00edsticas<\/h3>\n<ol>\n<li style=\"list-style-type: none;\">\n<ol>\n<li>Porqu\u00e9 se considera capacitado para publicar estas hojas?<\/li>\n<\/ol>\n<\/li>\n<\/ol>\n<p><dir><\/p>\n<p align=\"JUSTIFY\">Si revisas la p\u00e1gina principal, ver\u00e1s que yo no busqu\u00e9 ciertas cosas y este sitio existe como una muestra de respeto a ciertas personas. Puse las primeras hojas por si pod\u00eda ser de ayuda a algunas personas mi historia personal. Si estoy capacitado o no, no me corresponde juzgarlo a mi. Revisa la hoja sobre <a href=\"http:\/\/nahual.org\/antiguo\/escuelas.html\" target=\"_blank\" rel=\"noopener noreferrer\">escuelas de Conocimiento<\/a>.<\/p>\n<p><\/dir><\/p>\n<ol>\n<li style=\"list-style-type: none;\">\n<ol>\n<li>No cree que est\u00e1 hablando de cosas que S\u00f3lo deben transmitirse v\u00eda oral?<\/li>\n<\/ol>\n<\/li>\n<\/ol>\n<p><dir><\/p>\n<p align=\"JUSTIFY\">Depende el punto de vista. Hay equilibrio entre oral, s\u00edmbolos y textos, pero se complementan si son coherentes entre s\u00ed. Realmente creo que si solo el conocimiento oral fuera bueno, los libros no existir\u00edan, no crees? Segundo&#8230; los medios de comunicaci\u00f3n son solo medios, importa la persona y el contenido, y tercero, el conocimiento de los libros, de lo que digo, o cualquier cosa de lo que tiene que ver con el mundo m\u00e1gico, solo sirve si le das aplicaci\u00f3n. El segundo grado del conocimiento es qu\u00e9 hacer con \u00e9l.<\/p>\n<p><\/dir><\/p>\n<ol>\n<li style=\"list-style-type: none;\">\n<ol>\n<li>Que gana usted de todo esto?<\/li>\n<\/ol>\n<\/li>\n<\/ol>\n<p><dir><\/p>\n<p align=\"JUSTIFY\">Poder verme al espejo.<\/p>\n<p><\/dir><\/p>\n<p align=\"JUSTIFY\">Soltero, 27 a\u00f1os, sin novia. El resto de la pregunta es est\u00fapido, perdonando la expresi\u00f3n.<\/p>\n<ol>\n<li>Que entrenamiento de artes marciales tiene? Cual es la cinta m\u00e1xima que alcanz\u00f3 en esas disciplinas?<\/li>\n<\/ol>\n<p><dir><dir><\/p>\n<p align=\"JUSTIFY\">Conozco dos estilos de artes marciales de combate: Kung Fu ( de mi juventud ), y Kenpo. El color de la cinta no importa, sino el color del coraz\u00f3n. Si esto te aclara algo, en una ocasi\u00f3n dej\u00e9 fuera de combate a un cinta negra de Tae Kwan Do antes de terminar mi entrenamiento Kung Fu.<\/p>\n<p><\/dir><\/dir><\/p>\n<h3>PERSONA 3; Sobre astrolog\u00eda<\/h3>\n<ol>\n<li style=\"list-style-type: none;\">\n<ol>\n<li>Cuales son sus datos de nacimiento?<\/li>\n<\/ol>\n<\/li>\n<\/ol>\n<p><dir><\/p>\n<p align=\"JUSTIFY\">Nac\u00ed el 21 de Enero de 1972, a las 06:15 horas de la ma\u00f1ana, en el hospital Dalinde de la Ciudad de M\u00e9xico, en el pa\u00eds M\u00e9xico, la fuente de los datos es mi pap\u00e1.<\/p>\n<p><\/dir><\/p>\n<ol>\n<li style=\"list-style-type: none;\">\n<ol>\n<li>Porqu\u00e9 dice que es Capricornio si los del 21 de enero son Acuario?<\/li>\n<\/ol>\n<\/li>\n<\/ol>\n<p><dir><\/p>\n<p align=\"JUSTIFY\">El sol no se mueve de manera regular; en ocasiones entra en un signo del zodiaco a las 06, otras a las 19.. los movimientos de los planetas no llegan siempre a la misma hora. Por ejemplo, el d\u00eda que yo nac\u00ed, Acuario empez\u00f3 a las 11:15 aprox.<\/p>\n<p><\/dir><\/p>\n<ol>\n<li style=\"list-style-type: none;\">\n<ol>\n<li>Que piensas del arquetipo de Medusa y el hombre de hielo aplicados a la astrolog\u00eda?<\/li>\n<\/ol>\n<\/li>\n<\/ol>\n<p><dir><\/p>\n<p align=\"JUSTIFY\">El juntar al arquetipo de la medusa con la astrolog\u00eda suena muy interesante, pero aunque si tiene relaci\u00f3n con Plut\u00f3n, mas bien lo asociar\u00eda con aquellas mujeres que tienen una vida amorosa extra\u00f1a, o con ego\u00edsmo.. pero creo que es mas f\u00e1cil encontrar relaci\u00f3n en las personas que crean amores imposibles, o consideran cualquier cosa como imposible. Saturno ser\u00eda la relaci\u00f3n con el hombre de hielo, no Urano, aunque creo que est\u00e1s sali\u00e9ndote del tema. La astrolog\u00eda es una forma de usar nuestra intuici\u00f3n, no un libro de recetas de cocina. En un futuro escribir\u00e9 una p\u00e1gina sobre los dos arquetipos que mencionaste, pero sin relaci\u00f3n con la astrolog\u00eda.<\/p>\n<p><\/dir><\/p>\n<ol>\n<li>Que t\u00e9cnicas son mejores para saber a trav\u00e9s de la astrolog\u00eda si la persona es buena o mala , o si esta orientada hacia el bien, el mal o el centro?<\/li>\n<\/ol>\n<p><dir><dir><\/p>\n<p align=\"JUSTIFY\">Lo mejor que puedo decirte es que si la persona muestra una tendencia a la mentira o a la infidelidad, suele ser mala; pero el destino est\u00e1 escrito y no nuestra reacci\u00f3n, un J\u00fapiter bien situado puede se\u00f1alar generosidad o ego\u00edsmo, al igual que un mercurio mal aspectado puede indicar desde retraso mental hasta capacidades extraordinarias desde el punto de vista mental, o gran visi\u00f3n cr\u00edtica. En el car\u00e1cter suelen importar mas los planetas aspectados con cuadratura y trinos, o los que de plano, no est\u00e1n aspectados.<\/p>\n<p><\/dir><\/dir><\/p>\n<h3>PERSONA 4; Sobre Gurdjieff y las escuelas de conocimiento esot\u00e9rico<\/h3>\n<ol>\n<li style=\"list-style-type: none;\">\n<ol>\n<li>Porque no has hablado en tus p\u00e1ginas de los estados de conciencia acrecentada de Castaneda, o de tus experiencias al respecto?<\/li>\n<\/ol>\n<\/li>\n<\/ol>\n<p><dir><\/p>\n<p align=\"JUSTIFY\">Castaneda no es referencia v\u00e1lida. Es posible ver otra realidad pero no necesitas ni drogas ni irte al cerro. Tampoco tiene caso explicar de otras realidades a personas ambiciosos, curioso e incapaces de vivir en esta realidad. Los estados de conciencia acrecentada pueden ser sumamente desagradables para mucha gente&#8230; no quiero tener sobre mi conciencia el que algunas personas empiecen a realizar experimentos para los que no est\u00e1n preparados. Algunas personas me buscan de manera personal, y con otras es posible canalizar su energ\u00eda para que ellos mismos decidan si son o no lo suficientemente fuertes.. pero la fuerza no es f\u00edsica ni intensidad. Digamos que es la capacidad de verse al espejo. La conciencia acrecentada magnifica a la persona, si no tiene control, o si trata de manipular a otros, suele sufrir experiencias muy feas.<\/p>\n<p><\/dir><\/p>\n<ol>\n<li style=\"list-style-type: none;\">\n<ol>\n<li>Porqu\u00e9 tus referencias a Gurdjieff son vagas y no has dedicado p\u00e1ginas a su sistema?<\/li>\n<\/ol>\n<\/li>\n<\/ol>\n<p><dir><\/p>\n<p align=\"JUSTIFY\">Porque poca gente conoce a Gurdjieff, y porque la mayor parte de la gente esta interesada en el camino \u00abNagualico\u00bb, mas adelante le dedicar\u00e9 paginas.<\/p>\n<p><\/dir><\/p>\n<ol>\n<li style=\"list-style-type: none;\">\n<ol>\n<li>Que puede estar causando que mi hija de 23 a\u00f1os cambie de novio cada tres meses?<\/li>\n<\/ol>\n<\/li>\n<\/ol>\n<p><dir><\/p>\n<p align=\"JUSTIFY\">Muchas cosas. B\u00e1sicamente me da la impresi\u00f3n que idealiza a las personas, parece que hay una contaminaci\u00f3n de los centros emocional y f\u00edsico, una especie de falla de comunicaci\u00f3n y si lo sumas a lo que me dec\u00edas que casi no duerme, lo que necesita antes que nada es tomar dosis fuertes de vitamina B6 y B12.. No puedo decirte mas si no me das detalles mas espec\u00edficos.<\/p>\n<p><\/dir><\/p>\n<ol>\n<li style=\"list-style-type: none;\">\n<ol>\n<li>Que puedes decirme de Orage, Powels y Ouspensky?<\/li>\n<\/ol>\n<\/li>\n<\/ol>\n<p><dir><\/p>\n<p align=\"JUSTIFY\">Por decirlo de alg\u00fan modo, son disc\u00edpulos de Gurdjieff.. puedo decirte mucho, pero en resumen, Orage suele ser un idealista, Powels demasiado pesado ( me da la impresi\u00f3n de gran cerebro y pocos hechos REALES ), y Ouspensky puede ser el mas importante de todos.. pero antes que el Tertium Organum, creo que es mas importante el libro \u00abPsicolog\u00eda de la posible evoluci\u00f3n del hombre\u00bb Si quieres mas detalles, dime.<\/p>\n<p><\/dir><\/p>\n<ol>\n<li>Quien es Rodney Collin? Que es ese libro del \u00abDesarrollo de la luz\u00bb?<\/li>\n<\/ol>\n<p><dir><dir><\/p>\n<p align=\"JUSTIFY\">Rodney Collin es un disc\u00edpulo de Gurdjieff de los mismos tiempos que Orage, aproximadamente, pero que a diferencia de este, se fue por una orientaci\u00f3n mas cient\u00edfica de los paralelos del \u00abSistema\u00bb, y en una de tantas, se encerr\u00f3 en un cuarto y no me acuerdo si en tres d\u00edas o una semana, escribi\u00f3 \u00abEl desarrollo de la luz\u00bb, donde b\u00e1sicamente muestra la relaci\u00f3n de los ciclos de las diferentes partes de la naturaleza, contra los ciclos y las acciones del hombre, y t\u00e9cnicas pr\u00e1cticas para sustraerse a la acci\u00f3n de ciertos ciclos, en la medida de lo posible. Te recomiendo que empieces por el cap\u00edtulo llamado la luna, creo que es el 8, y cuando termines el libro lo empieces desde el principio.<\/p>\n<p><\/dir><\/dir><\/p>\n<h3>PERSONA 5; Sobre plantas de poder y el precio del entrenamiento<\/h3>\n<ol>\n<li style=\"list-style-type: none;\">\n<ol>\n<li>Qu\u00e9 me pasar\u00e1 si acepto instruirme con usted?<\/li>\n<\/ol>\n<\/li>\n<\/ol>\n<p><dir><\/p>\n<p align=\"JUSTIFY\">Nadie te esta ofreciendo esa posibilidad.<\/p>\n<p align=\"JUSTIFY\">Estas p\u00e1ginas muestran un camino, pero el precio que pagar\u00e1s ser\u00e1 un cambio total; hay cosas que perder\u00e1s y cosas que ganar\u00e1s, y no se si para ti valga la pena. Tampoco puedo decirte que perder\u00e1s y que ganar\u00e1s porque depende del esfuerzo que pongas. En mi caso perd\u00ed el miedo, los celos y la esperanza, y gan\u00e9 la certeza y la comprensi\u00f3n, pero tambi\u00e9n la furia.<\/p>\n<p align=\"JUSTIFY\">Lo mencionas como si yo ganara algo por esa instrucci\u00f3n.. la \u00fanica ganancia es que crees en la luz y no en la oscuridad, y a la gente as\u00ed siempre se le ayuda, la recompensa, la hay, pero no depende de ti. Y muy probablemente no sea inmediata, sino dentro de unos a\u00f1os.. pero de que llega llega. Por otra parte al fortalecer a la luz, me fortalezco a m\u00ed mismo y a lo que creo.<\/p>\n<p><\/dir><\/p>\n<ol>\n<li style=\"list-style-type: none;\">\n<ol>\n<li>He le\u00eddo algunas cosas de Aleisteir Crowley, considerado \u00absatanista\u00bb y lo que he alcanzado a leer es muy bonito, habla de voluntad, amor etc, nada de servir fuerzas malignas considerando esto, que me puede decir de las lecciones del nagualismo?<\/li>\n<\/ol>\n<\/li>\n<\/ol>\n<p><dir><\/p>\n<p align=\"JUSTIFY\">Son dos cosas diferentes. Crowley habla de cosas bonitas, pero el n\u00facleo de su doctrina es la frase del libro de la ley, \u00abAma y haz lo que quieras, esa es la ley\u00bb. El ser humano no puede sobrevivir ante posibilidades ilimitadas.. la moral es un instrumento necesario porque hace que el hombre se fije limites. Ahora bien, el yoga y todos los m\u00e9todos de control del propio ser hablan de poner un l\u00edmite. Esto es necesario o se caer\u00eda en aberraciones, porque se estar\u00eda uno abriendo a TODO, lo bueno y lo malo. Estudia un poco de lo que le pas\u00f3 a Crowley. Uno no debe dejar entrar ciertas cosas en la vida de uno, no es posible vender el alma a trozos. Al principio con la Golden Dawn era muy interesante, pero .. entre otras cosas Crowley nunca habla de pagar el precio.<\/p>\n<p align=\"JUSTIFY\">El precio que se paga es precisamente porque no es posible hacer al mismo tiempo una cosa y su opuesto; no puedes hablar de amor y obligar a tu esposa a tener relaciones con un macho cabr\u00edo. Falta la <a href=\"http:\/\/nahual.org\/antiguo\/coher.html\" target=\"_blank\" rel=\"noopener noreferrer\">COHERENCIA<\/a> y la duraci\u00f3n.<\/p>\n<p><\/dir><\/p>\n<ol>\n<li style=\"list-style-type: none;\">\n<ol>\n<li>Es la amanita un hongo de la sabidur\u00eda oscura?<\/li>\n<\/ol>\n<\/li>\n<\/ol>\n<p><dir><\/p>\n<p align=\"JUSTIFY\">Los hongos de cualquier tipo solo son un medio o instrumento; cualquier energ\u00eda solo puede ser juzgada por el uso que se le d\u00e9 , si nos sirve para construir, o para destruir, el fin es lo importante; aunque el t\u00e9rmino sabidur\u00eda oscura suena peligroso. Cuando algo es oscuro, solo debe usarse si te sirve para DOMINAR tu propia oscuridad, y lo que importa es la persona y no los medios. Si los medios son indispensables, son un fin y no medios. CUIDADO.<\/p>\n<p><\/dir><\/p>\n<ol>\n<li style=\"list-style-type: none;\">\n<ol>\n<li>Por que hay diferentes l\u00edneas de naguales?<\/li>\n<\/ol>\n<\/li>\n<\/ol>\n<p><dir><\/p>\n<p align=\"JUSTIFY\">Seg\u00fan la tradici\u00f3n que yo conozco , que puedes consultar en <a href=\"http:\/\/rojointenso.net\/foros\/index.php?showtopic=1040\">este link<\/a>, se debi\u00f3 a situaciones que salieron por si solas del orden de las cosas; la l\u00ednea de Castaneda es dudosa puede sr un escritor newage pero contradice tanto lo tradicional como el sentido comun.<\/p>\n<p align=\"JUSTIFY\">Desgraciadamente hay mucha gente que se llaman a si mismos Nagual ( en este momento recuerdo a unos diez). Por otra parte hay dos personas que <i>pueden<\/i> ser Naguales , pero no lo puedo asegurar porque no los he tratado.<\/p>\n<p align=\"JUSTIFY\">Por \u00faltimo, pero mucho menos probable, citando a Castaneda y a mi mismo, cualquiera puede convertirse en Nagual, solo hay que pagar el precio de obtener la sombra que sale de la cabeza, a la que el hace referencia cuando es su enfrentamiento con las hermanitas. Digo que es improbable, porque debe haber gran autocontrol e impecabilidad antes de poder enfrentarte a eso.<\/p>\n<p><\/dir><\/p>\n<ol>\n<li style=\"list-style-type: none;\">\n<ol>\n<li>cree que yo deber\u00eda ir a una toma de yage con chamanes?<\/li>\n<\/ol>\n<\/li>\n<\/ol>\n<p><dir><\/p>\n<p align=\"JUSTIFY\">Mi punto de vista es que las plantas de poder son peligrosas; sin embargo , yo te dir\u00eda que no vayas con chamanes en M\u00e9xico a lugares donde no haya civilizaci\u00f3n o se pongan ropas raras.. una amiga fue asaltada y violada hace a\u00f1os por andarse yendo con la finta. Por otra parte, recuerda que queda a tu criterio si es conveniente probar esa rama del conocimiento.<\/p>\n<p><\/dir><\/p>\n<ol>\n<li style=\"list-style-type: none;\">\n<ol>\n<li>Es lo mismo enso\u00f1ar, salir en astral y desdoblarse? me puede dar por favor consejos para tener conciencia mientras duermo.<\/li>\n<\/ol>\n<\/li>\n<\/ol>\n<p><dir><\/p>\n<p align=\"JUSTIFY\">Castaneda mismo dice que no es necesario dormir para enso\u00f1ar. Enso\u00f1ar es un t\u00e9rmino que yo conozco solo de Castaneda, en mi l\u00ednea se hace algo similar que es obligarte a caer en un estado de duermevela pero sin dormirte; debido a diversos puntos de mi entrenamiento, rara vez sue\u00f1o, solo duermo en un letargo sin sue\u00f1os, que me permiten levantarme descansado despu\u00e9s de solo dos o tres horas de sue\u00f1o.<\/p>\n<p align=\"JUSTIFY\">Salir al astral es algo muy diferente. Suena a new age y podr\u00eda ser un \u00ablanzar el alma\u00bb, cuando se hace es en plena conciencia de tus actos, y en situaciones muy espec\u00edficas que no puedo por razones obvias explicar en una p\u00e1gina sin parecer demente.<\/p>\n<p align=\"JUSTIFY\">Desdoblarse puede interpretarse de dos modos; la mayor\u00eda se imagina a s\u00ed mismos flotando y vi\u00e9ndose a si mismos , a su cuerpo. El \u00fanico desdoblamiento del que te puedo hablar seg\u00fan la experiencia personal, es a veces sentirme un espectador a trav\u00e9s de mis ojos, mientras mi mente piensa, mi cuerpo act\u00faa, o mi coraz\u00f3n ama.<\/p>\n<p><\/dir><\/p>\n<ol>\n<li>que opina de \u00abpartidas del nagual sin nagual\u00bb<\/li>\n<\/ol>\n<p><dir><\/p>\n<p align=\"JUSTIFY\">Este es un tema que tratar\u00e9 en la hoja <a href=\"http:\/\/nahual.org\/antiguo\/partidas.html\" target=\"_blank\" rel=\"noopener noreferrer\">Partidas del Nagual<\/a>. Es un tema muy interesante, y espera un poco por favor.. yo creo que en una semana mas o menos ya estar\u00e1.<\/p>\n<p><\/dir><\/p>\n<hr \/>\n<p><b>Alfonso Orozco &#8211; Junio 1999 <\/b><\/p>\n","protected":false},"excerpt":{"rendered":"<p>A lo largo de este mes he recibido varias preguntas cuya contestaci\u00f3n no ameritaba una p\u00e1gina, y las he contestado a trav\u00e9s de Emails o ICQ, con excepci\u00f3n de una persona que indic\u00f3 que por estos d\u00edas ir\u00eda a la sierra, es la \u00fanica persona a la que no le ped\u00ed permiso para reproducir sus preguntas, pero al contestarlas aqu\u00ed creo hacer lo correcto. De las preguntas realizadas por estas personas, algunas son referentes a cosas profundas, otras muy simplistas,&#8230;<\/p>\n<p class=\"read-more\"><a class=\"btn btn-default\" href=\"https:\/\/nahual.org\/antiguo\/preguntas-varias\/\"> Leer m\u00e1s<span class=\"screen-reader-text\">  Leer m\u00e1s<\/span><\/a><\/p>\n","protected":false},"author":1,"featured_media":0,"parent":0,"menu_order":0,"comment_status":"closed","ping_status":"open","template":"","meta":{"_crdt_document":"","footnotes":""},"class_list":["post-31","page","type-page","status-publish","hentry"],"_links":{"self":[{"href":"https:\/\/nahual.org\/antiguo\/wp-json\/wp\/v2\/pages\/31","targetHints":{"allow":["GET"]}}],"collection":[{"href":"https:\/\/nahual.org\/antiguo\/wp-json\/wp\/v2\/pages"}],"about":[{"href":"https:\/\/nahual.org\/antiguo\/wp-json\/wp\/v2\/types\/page"}],"author":[{"embeddable":true,"href":"https:\/\/nahual.org\/antiguo\/wp-json\/wp\/v2\/users\/1"}],"replies":[{"embeddable":true,"href":"https:\/\/nahual.org\/antiguo\/wp-json\/wp\/v2\/comments?post=31"}],"version-history":[{"count":1,"href":"https:\/\/nahual.org\/antiguo\/wp-json\/wp\/v2\/pages\/31\/revisions"}],"predecessor-version":[{"id":89,"href":"https:\/\/nahual.org\/antiguo\/wp-json\/wp\/v2\/pages\/31\/revisions\/89"}],"wp:attachment":[{"href":"https:\/\/nahual.org\/antiguo\/wp-json\/wp\/v2\/media?parent=31"}],"curies":[{"name":"wp","href":"https:\/\/api.w.org\/{rel}","templated":true}]}}