{"id":33,"date":"2020-07-11T19:14:56","date_gmt":"2020-07-11T19:14:56","guid":{"rendered":"https:\/\/nahual.org\/antiguo\/?p=33"},"modified":"2020-08-08T19:15:19","modified_gmt":"2020-08-08T19:15:19","slug":"el-pararrayos","status":"publish","type":"page","link":"https:\/\/nahual.org\/antiguo\/el-pararrayos\/","title":{"rendered":"El pararrayos"},"content":{"rendered":"<p align=\"JUSTIFY\">Hace poco una amiga me pregunt\u00f3 si yo ten\u00eda enemigos. Realmente creo que cuando uno trabaja y tiene cierto \u00e9xito, el solo hecho de existir, es crear enemigos por envidias y similares, por esas personas que dan lata y que se dan cuenta que para uno no existen, porque son parte de otra pel\u00edcula. Pero independientemente de eso, las amistades y enemigos dependen de cierta afinidad.<\/p>\n<p align=\"JUSTIFY\">Yo trato de que el equilibrio prevalezca, no invoco una venganza. Y como dijera Sans\u00f3n, bendigo la mano que me golpea, porque es tuya se\u00f1or. La mano de un \u00abbuscador de la verdad\u00bb, no se levanta en defensa propia.. aunque a veces, en ocasiones de vida o muerte, se realiza el cambio a El lic\u00e1ntropo, pero no depende de uno.<\/p>\n<p align=\"JUSTIFY\">Ser Nagual es estar en el lugar en que se necesita, es estar en un punto determinado. Ser un Nagual no es solo ser un punto de referencia, no es sentarse a ver la pel\u00edcula, es hacer que las cosas pasen. Para decirlo en otro modo, ser un Nagual es proteger y nutrir, y en algunos casos ser un vengador, pero nunca propio, sino ajeno, siempre que se es llamado, y no elegido.<\/p>\n<p align=\"JUSTIFY\">Por otra parte, cuando existen personas que tienen cierta \u00abcarga el\u00e9ctrica\u00bb, vibra o longitud de onda, aparecen gentes que quieren aprovecharse de eso, Es obvio que alguien debe poner ese freno.<\/p>\n<p align=\"JUSTIFY\">Pero ser Nagual es tambi\u00e9n ser un factor de equilibrio; por el simple hecho de existir, un Nagual atrae sobre el las tormentas.. es aquel al que desprecian en tiempos de Sol, y buscan en las tormentas.<\/p>\n<p align=\"JUSTIFY\">Algunas veces se piensa en el Nagual mas en el aspecto agresivo, pero no solo es un justiciero; ser un Nagual es ser un escudo, un lugar a donde llegar, es&#8230; no solo ser la espada para castigar a los culpables, sino el escudo para proteger a los inocentes.<\/p>\n<p align=\"JUSTIFY\">Por eso y por cosas complicadas pero obvias, la \u00abcarga el\u00e9ctrica\u00bb de un Nagual verdadero lo vuelve un pararrayos, es decir algo aparentemente in\u00fatil hasta que es necesario absorber los rayos para que no lleguen a otros, y los destruyan. Es oponerse a las fuerzas de la naturaleza a trav\u00e9s de los actos de un hombre; porque si una persona cree en la justicia, acaba llamando a aquellos que no creen en ella ( y es cuando resurge la batalla por la vida ). Dicho de otro modo, hay gentes que se rinden y gentes que no; si veo un asalto lo evito, porque el que asalta es un enemigo; si alguien roba es un enemigo; pero perdonando la expresi\u00f3n&#8230; el simple hecho de que existan ciertas gentes es una mentada de madre para muchos.<\/p>\n<p align=\"JUSTIFY\">Es por eso que el rayo siempre cae dos veces en el mismo lugar.<\/p>\n<p align=\"JUSTIFY\">Al hacer pacto con la Ley, yo eleg\u00ed ser el pararrayos.<\/p>\n<hr \/>\n<p><b>Alfonso Orozco &#8211; Mayo 1999 <\/b><\/p>\n","protected":false},"excerpt":{"rendered":"<p>Hace poco una amiga me pregunt\u00f3 si yo ten\u00eda enemigos. Realmente creo que cuando uno trabaja y tiene cierto \u00e9xito, el solo hecho de existir, es crear enemigos por envidias y similares, por esas personas que dan lata y que se dan cuenta que para uno no existen, porque son parte de otra pel\u00edcula. Pero independientemente de eso, las amistades y enemigos dependen de cierta afinidad. Yo trato de que el equilibrio prevalezca, no invoco una venganza. Y como dijera&#8230;<\/p>\n<p class=\"read-more\"><a class=\"btn btn-default\" href=\"https:\/\/nahual.org\/antiguo\/el-pararrayos\/\"> Leer m\u00e1s<span class=\"screen-reader-text\">  Leer m\u00e1s<\/span><\/a><\/p>\n","protected":false},"author":1,"featured_media":0,"parent":0,"menu_order":0,"comment_status":"closed","ping_status":"open","template":"","meta":{"_crdt_document":"","footnotes":""},"class_list":["post-33","page","type-page","status-publish","hentry"],"_links":{"self":[{"href":"https:\/\/nahual.org\/antiguo\/wp-json\/wp\/v2\/pages\/33","targetHints":{"allow":["GET"]}}],"collection":[{"href":"https:\/\/nahual.org\/antiguo\/wp-json\/wp\/v2\/pages"}],"about":[{"href":"https:\/\/nahual.org\/antiguo\/wp-json\/wp\/v2\/types\/page"}],"author":[{"embeddable":true,"href":"https:\/\/nahual.org\/antiguo\/wp-json\/wp\/v2\/users\/1"}],"replies":[{"embeddable":true,"href":"https:\/\/nahual.org\/antiguo\/wp-json\/wp\/v2\/comments?post=33"}],"version-history":[{"count":0,"href":"https:\/\/nahual.org\/antiguo\/wp-json\/wp\/v2\/pages\/33\/revisions"}],"wp:attachment":[{"href":"https:\/\/nahual.org\/antiguo\/wp-json\/wp\/v2\/media?parent=33"}],"curies":[{"name":"wp","href":"https:\/\/api.w.org\/{rel}","templated":true}]}}