{"id":45,"date":"2020-07-05T19:20:35","date_gmt":"2020-07-05T19:20:35","guid":{"rendered":"https:\/\/nahual.org\/antiguo\/?p=45"},"modified":"2020-08-08T16:11:05","modified_gmt":"2020-08-08T21:11:05","slug":"fotos-kirlian","status":"publish","type":"page","link":"https:\/\/nahual.org\/antiguo\/fotos-kirlian\/","title":{"rendered":"Fotos Kirlian"},"content":{"rendered":"<p align=\"justify\">En los d\u00edas que sent\u00eda (1997) que el teclado hacia cosas raras, me fui a comer con una amiga a la que conoc\u00ed cuando le arrebataron su bolsa all\u00e1 por 1994. Estabamos hablando sobre la incapacidad temporal que desde hac\u00eda unos meses me obligaba a reaccionar, en lugar de a actuar como siempre lo hab\u00eda hecho, y la soluci\u00f3n empez\u00f3 de un modo muy original.<\/p>\n<p align=\"justify\">Todo empez\u00f3 cuando esta amiga, que anda en rollos mas raros que los mios, (en serio!!!), me coment\u00f3 que en una plaza de esta ciudad estaban tomando fotos del aura, segun ella, pero a mi me lat\u00eda que eran fotos Kirlian, es decir, fotos que por un proceso cient\u00edfico graban la cantidad de energ\u00eda y vida que despide el ser humano. En alg\u00fan lugar tengo la foto de esta amiga, pero por mientras pondr\u00e9 la foto de otra persona. Cabe destacar que estas tres fotos son fuera de lo normal, de personas con energ\u00eda. Mas abajo pongo otra foto de ejemplo de personas normales, no guerreras.<\/p>\n<table border=\"4\" cellspacing=\"1\" cellpadding=\"12\" bgcolor=\"0000FF\">\n<tbody>\n<tr>\n<td align=\"center\"><b>Para ampliar cualquiera de las fotos, dale un clic<\/b><\/p>\n<hr \/>\n<p><a href=\"..\/..\/images\/kirlian.tga\" target=\"_blank\" rel=\"noopener noreferrer\"><img decoding=\"async\" src=\"..\/..\/images\/kirlian.jpg\" alt=\"Foto Kirlian de un Nagual\" align=\"left\" border=\"0\" hspace=\"15\" vspace=\"15\" \/><\/a><\/p>\n<p align=\"justify\">Esta es la foto Kirlian de mi dedo, misma que me explic\u00f3 ciertas cosas. Para empezar, la persona que sac\u00f3 la foto me pidi\u00f3 cuando regres\u00e9 por ella 45 minutos despu\u00e9s, que le dejara sacar otra, porque yo ten\u00eda la <i><b>m\u00e1s encabronada reserva de energ\u00eda que haya visto<\/b><\/i>. Luego estuve checando 10 o 20 fotos de otras personas, y la m\u00eda realmente tiene mucho mas colores y fuerza que otros. Segun esto la parte negra ( el hueso, supongo ) representa los problemas que nos puede causar una actitud pesimista, egoc\u00e9ntrica y complicaciones f\u00edsicas. La parte roja, la energ\u00eda, atenci\u00f3n o capacidad que podemos utilizar en un momento cualquiera; la parte amarilla el control que tenemos sobre esa fuerza; la parte violeta-blanca, nuestro escudo protector o capacidades defensivas, y la parte azul la inteligencia. Yo pens\u00e9 que la parte roja estallaba, pero esta persona mencion\u00f3 que no, pero que por mis niveles energ\u00e9ticos ( si que se oy\u00f3 mamila ), me era obligatorio estar en movimiento, y que las defensas desactivadas de un lado, pero no bajas, se deb\u00edan a que yo hab\u00eda elegido un modo de vida en el que mis preferencias personales est\u00e1n en segundo lugar (26 a\u00f1os en el momento de la foto).<\/p>\n<hr \/>\n<p><a href=\"..\/..\/images\/aura5.jpg\" target=\"_blank\" rel=\"noopener noreferrer\"><img decoding=\"async\" src=\"..\/..\/images\/aura5g.jpg\" alt=\"Foto Kirlian de una amiga\" align=\"left\" border=\"0\" hspace=\"15\" vspace=\"15\" \/><\/a><\/p>\n<p align=\"justify\">A principios de Junio de 1999 Conoc\u00ed a una dama sumamente especial en cuanto a su energ\u00eda personal. Sin entrar en muchos detalles es obvio que la persona tiene una vitalidad tremenda.. pero no hay matices, lo que me hace pensar que cuando se queda sin energ\u00eda, de plano se desactiva. Otra duda que surge es si ella no tiene los otros matices, o si su parte instintiva es mas fuerte que todo lo dem\u00e1s. Esta segunda opci\u00f3n me parece mas probable porque tiene muy desarrollada la aptitud de sentir fuerzas de las que no somos conscientes en situaciones normales. Podr\u00eda ser que realmente carezca de barreras (parte violeta-blanca), y que su vitalidad llame a esas fuerzas externas. Notese que no es uniforme la aplicaci\u00f3n de la voluntad ( parte roja), sino por estallidos que salen de una parte muy interna ( parte roja debajo del dedo ) (27 a\u00f1os en el momento de la foto ).<\/p>\n<hr \/>\n<p><a href=\"..\/..\/images\/ariel.jpg\" target=\"_blank\" rel=\"noopener noreferrer\"><img decoding=\"async\" src=\"..\/..\/images\/arielt.jpg\" alt=\"Foto Kirlian de un joven\" align=\"left\" border=\"0\" hspace=\"15\" vspace=\"15\" \/><\/a><\/p>\n<p align=\"Justify\">Esta foto pertenece a un hombre joven. Se tom\u00f3 en una posici\u00f3n diferente del dedo. La carencia de todos los colores menos el azul y un poco de blanco, indica que esta persona era en el momento de la foto un idealista exagerado, que no ten\u00eda los pies en la tierra, pero sin embargo hay un equilibrio que resulta obvio. Cabe destacar que el color azul indica inteligencia y autocontrol; pero resulta extra\u00f1o que siendo el \u00fanico color no sea mas fuerte. Es decir, parece que la persona se encontraba en una etapa de decisiones y de \u00abver pasar el desfile\u00bb, aunque se nota equilibrio, no hay intensidad. Ser\u00eda interesante ver una foto actual. (20 a\u00f1os en el momento de la foto ).<\/p>\n<\/td>\n<\/tr>\n<tr>\n<td align=\"center\">\n<a href=\"..\/..\/images\/kirlofe.jpg\" target=\"_blank\" rel=\"noopener noreferrer\"><img decoding=\"async\" src=\"..\/..\/images\/kirlofe.jpg\" alt=\"Foto Kirlian de una persona normal\" style='width:128px;' align=\"left\" border=\"0\" hspace=\"15\" vspace=\"15\" \/><\/a><\/p>\n<p align=\"justify\">Esta es la foto Kirlian de una amiga de hace unos tres a\u00f1os, pueden ver que algo le falta en comparaci\u00f3n a las fotos anteriores. Ella es una persona con relativo \u00e9xito pero como pueden ver, es como si tuviera una fuga de energ\u00eda y no hay nada desarrollado. Sin comentarios. (27 a\u00f1os en el momento de la foto).<\/p>\n<\/td>\n<\/tr>\n<\/tbody>\n<\/table>\n","protected":false},"excerpt":{"rendered":"<p>En los d\u00edas que sent\u00eda (1997) que el teclado hacia cosas raras, me fui a comer con una amiga a la que conoc\u00ed cuando le arrebataron su bolsa all\u00e1 por 1994. Estabamos hablando sobre la incapacidad temporal que desde hac\u00eda unos meses me obligaba a reaccionar, en lugar de a actuar como siempre lo hab\u00eda hecho, y la soluci\u00f3n empez\u00f3 de un modo muy original. Todo empez\u00f3 cuando esta amiga, que anda en rollos mas raros que los mios, (en&#8230;<\/p>\n<p class=\"read-more\"><a class=\"btn btn-default\" href=\"https:\/\/nahual.org\/antiguo\/fotos-kirlian\/\"> Leer m\u00e1s<span class=\"screen-reader-text\">  Leer m\u00e1s<\/span><\/a><\/p>\n","protected":false},"author":1,"featured_media":0,"parent":0,"menu_order":0,"comment_status":"closed","ping_status":"open","template":"","meta":{"_crdt_document":"","footnotes":""},"class_list":["post-45","page","type-page","status-publish","hentry"],"_links":{"self":[{"href":"https:\/\/nahual.org\/antiguo\/wp-json\/wp\/v2\/pages\/45","targetHints":{"allow":["GET"]}}],"collection":[{"href":"https:\/\/nahual.org\/antiguo\/wp-json\/wp\/v2\/pages"}],"about":[{"href":"https:\/\/nahual.org\/antiguo\/wp-json\/wp\/v2\/types\/page"}],"author":[{"embeddable":true,"href":"https:\/\/nahual.org\/antiguo\/wp-json\/wp\/v2\/users\/1"}],"replies":[{"embeddable":true,"href":"https:\/\/nahual.org\/antiguo\/wp-json\/wp\/v2\/comments?post=45"}],"version-history":[{"count":7,"href":"https:\/\/nahual.org\/antiguo\/wp-json\/wp\/v2\/pages\/45\/revisions"}],"predecessor-version":[{"id":85,"href":"https:\/\/nahual.org\/antiguo\/wp-json\/wp\/v2\/pages\/45\/revisions\/85"}],"wp:attachment":[{"href":"https:\/\/nahual.org\/antiguo\/wp-json\/wp\/v2\/media?parent=45"}],"curies":[{"name":"wp","href":"https:\/\/api.w.org\/{rel}","templated":true}]}}