{"id":47,"date":"2020-07-04T19:21:33","date_gmt":"2020-07-04T19:21:33","guid":{"rendered":"https:\/\/nahual.org\/antiguo\/?p=47"},"modified":"2020-08-08T19:22:01","modified_gmt":"2020-08-08T19:22:01","slug":"la-importancia-de-las-personas","status":"publish","type":"page","link":"https:\/\/nahual.org\/antiguo\/la-importancia-de-las-personas\/","title":{"rendered":"La importancia de las personas"},"content":{"rendered":"<p align=\"JUSTIFY\">El d\u00eda de ayer fui a desayunar unos churros rellenos a Coyoac\u00e1n. Esa zona es algo especial, hay un mundo de gente, pero la gente que hay es extra\u00f1a. Hay Hare Krishnas brinque y brinque, personas perforadas, gentes que leen las cartas por dinero, y de todo hay. Mientras estaba esperando mi segunda orden de churros, vi pasar a una amiga a la que no ve\u00eda en a\u00f1os, pas\u00f3 con otra amiga suya, y mientras tom\u00e1bamos otro caf\u00e9, me di cuenta que ciertas personas son demasiado inocentes para su propio bien. La pl\u00e1tica deriv\u00f3 hacia la iglesia cat\u00f3lica y la p\u00e9rdida de valores de la sociedad moderna. Realmente me pareci\u00f3 muy curioso que surgiera el tema en ese lugar, pero record\u00e9 una pl\u00e1tica con Do\u00f1a Geno y el Nagual Andr\u00e9s de hace unos diez a\u00f1os, que hablaba sobre eso. Tratar\u00e9 de reconstruir la pl\u00e1tica lo mejor que recuerdo. Como siempre, cualquier error es m\u00edo y no de ellos. Lo dicho por el Nagual Andr\u00e9s est\u00e1 En Color azul, lo dicho por Geno en Rojo, y lo m\u00edo en Negro.<\/p>\n<p align=\"CENTER\">&lt;**&gt;<\/p>\n<p align=\"JUSTIFY\">Yo- Algo que nunca he entendido es porqu\u00e9 usted me repite que s\u00f3lo hay una ley sagrada, la ley de la desigualdad entre los hombres.<\/p>\n<p align=\"JUSTIFY\">Geno- \u00bfLo que pasa Alfonso es que las personas son lo \u00fanico que cuenta, en cualquier situaci\u00f3n o en cualquier lugar, todo lo dem\u00e1s son cosas que sobran, adornos.<\/p>\n<p align=\"JUSTIFY\">Andr\u00e9s &#8211; Si Geno, pero no se lo digas tan literal. Esto ya te lo has de saber, pero realmente lo profundo de la iglesia cat\u00f3lica viene del culto a las personas, decir que deben abandonarse los bienes materiales para trabajar sobre las personas es lo \u00fanico que puede hacerse.<\/p>\n<p align=\"JUSTIFY\">Geno- \u00bfPero no me dijo que era una tonter\u00eda decir que Cristo fue a la cruz por expiar nuestros pecados?<\/p>\n<p align=\"JUSTIFY\">Andr\u00e9s &#8211; Geno, me espantas. Claro que muri\u00f3, pero no por eso. Nadie puede redimir a otros, puede crear situaciones para que otros se rediman a s\u00ed mismos. El que anda de redentor termina crucificado. El problema est\u00e1 en que como dec\u00eda Abraham Lincoln, \u00abhacen lo que hacen porque son lo que son\u00bb, la mayor\u00eda de las gentes act\u00faan como cerdos porque son cerdos, viven como cerdos, y morir\u00e1n como cerdos. No es culpa de ellos&#8230; hay personas a las que las cosas les pasan, como si les lloviera, y no tienen nada que ver. Lo que quiero decir es que la mayor\u00eda de las personas viven, como dice Nietzche, esperando que pase algo que cambie sus vidas de manera completa y repentina. El mejor ejemplo es el pr\u00edncipe azul, o mejor dicho, la que espera al pr\u00edncipe azul. Realmente estar a la espera es importante para un guerrero, pero no debe usarse de pretexto para justificar el quedarnos sentados sin hacer nada. Una buena parte de las personas que valen la pena hacen ese error, esperar, quedarse a ver si Diosito les hace justicia.<\/p>\n<p align=\"JUSTIFY\">Geno- \u00bfO sea que hay que tomar la justicia por nuestra mano?<\/p>\n<p align=\"JUSTIFY\">Andr\u00e9s &#8211; No exactamente, me refiero a que si un d\u00eda vas por la calle y alguien te roba la bolsa, nadie espera que t\u00fa detengas al criminal, pero si vas acompa\u00f1ada, el susodicho puede decirte \u00abAy mi vida, que l\u00e1stima\u00bb, o salir como b\u00f3lido por la bolsa. Haga tu esposo lo que haga, a ti no te va a gustar, porque si se queda parado te vas a enojar, y si sale por la bolsa peor tantito. Lo que mucha gente quiere es justicia sin riesgos.<\/p>\n<p align=\"JUSTIFY\">Geno &#8211; \u00bfPero de qu\u00e9 sirve Justicia Muerto?<\/p>\n<p align=\"JUSTIFY\">Yo &#8211; Pues mas vale morir antes de tiempo que vivir despu\u00e9s que nuestra hora ha pasado, no? Sea lo que sea vivir sin justicia no es vida&#8230;<\/p>\n<p align=\"JUSTIFY\">Andr\u00e9s &#8211; Tampoco exageres. Quiero decir que muchas personas tratan de compensar en el grupo la calidad con la cantidad, cinco idiotas no son mejores que uno. Esa es la causa de muchos de los problemas del hombre actual. Cuando hablamos de la decadencia de las instituciones y de los valores, hablamos otra vez de las personas. Las personas que se agrupan son siempre los medianos, los fracasados, los que no son capaces de salir adelante por s\u00ed solos. Defendemos el grupo y no al individuo.<\/p>\n<p align=\"JUSTIFY\">Geno- \u00bfComo el Lobo estepario de Herman Hessee?<\/p>\n<p align=\"JUSTIFY\">Andr\u00e9s &#8211; No, el lobo estepario de ese libro da la impresi\u00f3n de ser un lobo herido. Quiero decir que en la vida normal se empiezan a formar grupos desde las \u00abpandillas\u00bb en la escuela, con sus rangos de jefe a soldado, y a trav\u00e9s de la fuerza del n\u00famero tratan de encontrar cierta justificaci\u00f3n a lo injustificable. Cuando me toc\u00f3 ir a la escuela, siempre era el aislado, no por estudioso ( para nada, estaba mas acostumbrado a leer que los hijos de los capataces ), y siempre se hac\u00edan grupos. Cuando empez\u00f3 el problema de la Revoluci\u00f3n en serio y los cristeros y todo eso, los campesinos borrachos violaron a mis hermanas, pero no hab\u00eda nada que pudiera hacer. Ellos eran demasiados, y solo me pude quitar de en medio, aunque descuid\u00e9 a la familia, ah\u00ed no serv\u00eda de nada muerto. Afortunadamente, en determinado momento cada persona se encuentra sola frente al espejo, y ya siendo Nagual, entend\u00ed que deb\u00eda hacer justicia. Si ellos no hubieran sido borrachos se habr\u00edan dado cuenta de qu\u00e9 les estaba pasando. La diferencia real entre un guerrero y no guerrero, es el estar alerta, y para estar alerta, la soledad es lo mejor.<\/p>\n<p align=\"JUSTIFY\">Yo- Pero el retiro del mundo no est\u00e1 permitido, no?<\/p>\n<p align=\"JUSTIFY\">Andr\u00e9s &#8211; En ciertos casos el estar aislado y retirado del mundo es necesario para conservar la propia alma. Digamos que a veces si es v\u00e1lido, si pensamos en el pozo del Iching, ah\u00ed mencionan que a veces hay que tapar el pozo para que no se ensucie. Quiero decir que a veces debemos retirarnos. Hay cosas que deben hacerse en secreto y en privado, sin esperar recompensa, y los grupos de personas suelen tener gran n\u00famero de intereses personales. Muchas cosas est\u00e1n preparadas para hacer que los modos del mundo funcionen a su m\u00ednima capacidad, ahora cuenta mucho el \u00abm\u00ednimo com\u00fan denominador\u00bb<\/p>\n<p align=\"JUSTIFY\">Yo- Entonces la diferencia es lo que dice Gurdjieff, un hombre es mas que otro s\u00f3lo si hace mas que otro.<\/p>\n<p align=\"JUSTIFY\">Andr\u00e9s- Pero el todo es mas que la suma de sus partes. Puedes juzgar a las personas por sus acciones, pero no necesariamente hay equilibrio. Alguien puede ser fuerte e inteligente y golpear a su esposa. Cada hombre es tan fuerte como su mayor defecto. No m\u00e1s. Lo que importa en las personas es lo que alimentan de s\u00ed. Y sus acciones suelen decir un muy buen equilibrio entre su coraz\u00f3n y nobleza, y lo dem\u00e1s no cuenta. Importa la sencillez, la claridad, y la nobleza. Si se tiene eso no se necesita nada m\u00e1s, y si no se tiene, todo lo dem\u00e1s sobra.<\/p>\n<p align=\"CENTER\">&lt;**&gt;<\/p>\n<hr \/>\n<p><b>Alfonso Orozco &#8211; Septiembre 1999 &#8211; Actualizado Oct 2005 <\/b><\/p>\n","protected":false},"excerpt":{"rendered":"<p>El d\u00eda de ayer fui a desayunar unos churros rellenos a Coyoac\u00e1n. Esa zona es algo especial, hay un mundo de gente, pero la gente que hay es extra\u00f1a. Hay Hare Krishnas brinque y brinque, personas perforadas, gentes que leen las cartas por dinero, y de todo hay. Mientras estaba esperando mi segunda orden de churros, vi pasar a una amiga a la que no ve\u00eda en a\u00f1os, pas\u00f3 con otra amiga suya, y mientras tom\u00e1bamos otro caf\u00e9, me di&#8230;<\/p>\n<p class=\"read-more\"><a class=\"btn btn-default\" href=\"https:\/\/nahual.org\/antiguo\/la-importancia-de-las-personas\/\"> Leer m\u00e1s<span class=\"screen-reader-text\">  Leer m\u00e1s<\/span><\/a><\/p>\n","protected":false},"author":1,"featured_media":0,"parent":0,"menu_order":0,"comment_status":"closed","ping_status":"open","template":"","meta":{"_crdt_document":"","footnotes":""},"class_list":["post-47","page","type-page","status-publish","hentry"],"_links":{"self":[{"href":"https:\/\/nahual.org\/antiguo\/wp-json\/wp\/v2\/pages\/47","targetHints":{"allow":["GET"]}}],"collection":[{"href":"https:\/\/nahual.org\/antiguo\/wp-json\/wp\/v2\/pages"}],"about":[{"href":"https:\/\/nahual.org\/antiguo\/wp-json\/wp\/v2\/types\/page"}],"author":[{"embeddable":true,"href":"https:\/\/nahual.org\/antiguo\/wp-json\/wp\/v2\/users\/1"}],"replies":[{"embeddable":true,"href":"https:\/\/nahual.org\/antiguo\/wp-json\/wp\/v2\/comments?post=47"}],"version-history":[{"count":0,"href":"https:\/\/nahual.org\/antiguo\/wp-json\/wp\/v2\/pages\/47\/revisions"}],"wp:attachment":[{"href":"https:\/\/nahual.org\/antiguo\/wp-json\/wp\/v2\/media?parent=47"}],"curies":[{"name":"wp","href":"https:\/\/api.w.org\/{rel}","templated":true}]}}