{"id":49,"date":"2020-07-03T19:22:17","date_gmt":"2020-07-03T19:22:17","guid":{"rendered":"https:\/\/nahual.org\/antiguo\/?p=49"},"modified":"2020-08-08T19:23:05","modified_gmt":"2020-08-08T19:23:05","slug":"historias-de-algunos-practicantes-tradicionales","status":"publish","type":"page","link":"https:\/\/nahual.org\/antiguo\/historias-de-algunos-practicantes-tradicionales\/","title":{"rendered":"Historias de algunos practicantes tradicionales"},"content":{"rendered":"<div class=\"SubTitle\">Historias de algunos practicantes tradicionales (30 mar 99 )<\/div>\n<div><\/div>\n<div>Esta historia es la s\u00edntesis de la vida de algunas personas que conoc\u00ed durante mi juventud, personas que de una u otra manera llegaron al Nagualismo, y estaban alrededor del Sr Rafael en el tiempo que estuve con ellos. Para poder entender cabalmente como alguien pudo reunirnos, y hacer de nosotros algo mas que un grupo de locos, es necesario leer algo sobre la historia del Sr (citada abajo como un brujo a la fuerza ). Juana Topete es la \u00fanica con nombre verdadero, y consinti\u00f3 en que pusiera su historia como yo la recuerdo, lo que seguramente necesit\u00f3 mucho valor; de los otros, el Nagual es finado. Juana y Geno, siguen cada una su camino. De Javier no se ha sabido nada desde poco despu\u00e9s que el Nagual muri\u00f3 en mis brazos. Geno es muy moderna, tengo su direcci\u00f3n de Email, pero me pidi\u00f3 que no proporcione sus datos. Por lo mismo, me he tomado la libertad de realizar algunas alteraciones \/ omisiones para evitar que se le moleste.<\/div>\n<div><\/div>\n<div>\n<h3>El maestro Rafael ; Un brujo a la fuerza<\/h3>\n<p><b>Atenci\u00f3n: Esta historia no es apta para personas sumamente religiosas. Si lo es, br\u00ednquela.<\/b><\/p>\n<p align=\"justify\">Naci\u00f3 en alg\u00fan lugar de M\u00e9xico en la d\u00e9cada de los 20, hijo de un maestro de escuela y una hija rebelde de una familia de sociedad de Puebla. El dec\u00eda que el matrimonio de ambos fue sumamente extra\u00f1o: Gentes que se amaron todo el tiempo, realmente todo el tiempo, y que hasta sus \u00faltimos momentos lo demostraban.<\/p>\n<p align=\"justify\">En circunstancias normales Rafael hubiera podido estudiar la Universidad, pero en 1935 su familia tuvo una seria desgracia, la madre perdi\u00f3 un hijo al dar a luz y estuvo al borde de la muerte un tiempo. Los gastos m\u00e9dicos fueron muy elevados, por lo que la familia perdi\u00f3 la mayor parte de sus ahorros. El padre se dio cuenta que no pod\u00eda pagar escuela para sus dos hijos, y poco despu\u00e9s Rafael entr\u00f3 al sacerdocio como profesi\u00f3n creyendo en Dios ( por haber salvado a su madre ), y sabiendo que la fe mueve monta\u00f1as. A\u00f1os antes hab\u00eda hablado mucho con su padre sobre otras religiones, aunque por la herencia materna, nunca se pregunt\u00f3 sobre las contradicciones o dogmas de la fe cat\u00f3lica.<\/p>\n<p align=\"justify\">A mediados de los 50 Rafael era un joven sacerdote con su propia parroquia, en alg\u00fan lugar del baj\u00edo en M\u00e9xico, llevaba cinco a\u00f1os en ella. Una ma\u00f1ana se enter\u00f3 que un vecino de otra parroquia hab\u00eda violado a su hija de 12 a\u00f1os (del vecino, no de el ), y realiz\u00f3 su serm\u00f3n sobre ese tema. Al dar la comuni\u00f3n, vio venir al violador en la fila con una gran sonrisa en la boca, y en ese momento, perdi\u00f3 la fe en Dios, en la Virgen y en los Santos.<\/p>\n<p align=\"justify\">Los sermones que dio durante a\u00f1os hab\u00edan sido sobre las bondades de la vida y el castigo de los pecadores, pero poco a poco fue cambiando. De pensar en el serm\u00f3n de la monta\u00f1a y el Salmo 123, pas\u00f3 a pensar en Jes\u00fas y los mercaderes en el templo, en las espadas y los arados, en el salmo 144, y en el salmo 51 ( sugiero leerlos, el salmo 144 habla de batalla y el salmo 51 de perd\u00f3n).<\/p>\n<p align=\"justify\">Pero fue demasiado. Meses despu\u00e9s pidi\u00f3 al obispo que asignara a otro su parroquia, y le pidi\u00f3 tiempo para entender, para pensar, y que lo dispensara de dar misa ( sobre todo comuni\u00f3n ) por no estar en la situaci\u00f3n adecuada. No quer\u00eda confundir a sus fieles.<\/p>\n<p align=\"justify\">Fue a visitar a su familia, y en ese tiempo se volvi\u00f3 reservado y serio. Se dej\u00f3 la barba (aunque no la tra\u00eda descuidada ), y por fin un dia regres\u00f3 a su parroquia. Al dirigirse a la peluquer\u00eda, vio un asalto, y trat\u00f3 de intervenir en el mas puro esp\u00edritu cat\u00f3lico y recibi\u00f3 una cuchillada en el pulm\u00f3n.<\/p>\n<p align=\"justify\">Estaba desangr\u00e1ndose cuando se acerc\u00f3 un se\u00f1or vestido de traje, le ofreci\u00f3 ayuda, y por indicaciones del herido este abri\u00f3 una peque\u00f1a maleta, donde estaba su sotana y otras cosas. A lo que este le dijo:<\/p>\n<p align=\"justify\">Esta si es buena!!! Un cura heroico, jua jua jua , y se empez\u00f3 a re\u00edr de lo lindo.<\/p>\n<p align=\"justify\">Pero la sangre segu\u00eda fluyendo. Despu\u00e9s de examinar la herida el desconocido le dijo, voy a ayudarlo, pero no diga nada. Si habla se muere. Y se quit\u00f3 el traje y se lo llev\u00f3 cargando a un coche. Se par\u00f3 en una farmacia y compr\u00f3 gasas, vendas y desinfectantes. Despu\u00e9s lo cur\u00f3 y le pregunt\u00f3 si quer\u00eda que lo llevara a un hospital, a su parroquia o a otro lado. Al ver que el herido no ten\u00eda idea, le sugiri\u00f3 que fuera con el a un peque\u00f1o negocio que ten\u00eda cerca de la catedral, para de ah\u00ed ir a comer algo caliente.<\/p>\n<p align=\"justify\">El herido acept\u00f3, y cual no fue su sorpresa al ver que era un lugar donde se vend\u00edan cosas religiosas del tipo \u00abMi primera comuni\u00f3n\u00bb, rosarios, breviarios, crucifijos, y dem\u00e1s. En ese lugar su parroquia compraba algunas cosas, y entendi\u00f3 porqu\u00e9 supo que el era cura, porque no es tan f\u00e1cil identificar a primera vista una sotana doblada en una maleta de mano.<\/p>\n<p align=\"justify\">En la tienda le dio algunas cosas para suplir las manchadas con sangre, y el herido estaba de un genio de perros pensando en los mercaderes del templo. Mientras esperaba, llegaron varias personas a comprar, y cada una fue despachada por otras personas, de esta manera:<\/p>\n<ul>\n<li>Un cura al que conoc\u00eda no lo reconoci\u00f3, le cobraron normal.<\/li>\n<li>Una se\u00f1ora humilde lleg\u00f3 a preguntar por el equipo mas barato de primera comuni\u00f3n, y le regalaron el que quiso (y que seguramente no era el mas barato)<\/li>\n<li>Una se\u00f1ora gente bien lleg\u00f3 a pedir algo, y la dependiente le dijo que no ten\u00eda aunque estaba a la vista.<\/li>\n<li>Un se\u00f1or lleg\u00f3 a comprar un crucifijo, vio uno muy hermoso, y le cobraron una cantidad que obviamente no cubr\u00eda el precio. Una vez que se fue, la dependiente fue a la bodega y colg\u00f3 uno igual, poniendo una veladora cerca.\n<p align=\"justify\">Dar mas detalles ser\u00eda impropio. Rafael se dio cuenta de algo en el momento en que se encendi\u00f3 la veladora, y durante a\u00f1os trabaj\u00f3 en el mismo negocio. Su paga? Comida y cama.<\/p>\n<p align=\"justify\">Mas adelante se enter\u00f3 que todo el mundo cre\u00eda que se hab\u00eda matado en un cami\u00f3n que iba hacia su pueblo y que cay\u00f3 en una barranca.<\/p>\n<p align=\"justify\">En ocasiones sal\u00eda de la ciudad con el hombre que lo recogi\u00f3, en otras iba a retiros. Dorm\u00eda en un cuartucho en un almac\u00e9n de cemento y materiales de construcci\u00f3n, y todos los s\u00e1bados viajaba a unas reuniones con el Se\u00f1or Andr\u00e9s, en otro pueblo en que no los conoc\u00edan.<\/p>\n<p align=\"justify\">En ese tiempo aprendi\u00f3 el Nagualismo sin ritos profanos de por medio, sin falsas historias, y sin mucho detalle entendi\u00f3 que hab\u00edan caminos alternos a la iglesia cat\u00f3lica. Nunca rompi\u00f3 sus votos de castidad, ni de pobreza (relativamente vivi\u00f3 en malas condiciones hasta el fin ), siempre respet\u00f3 la vigilia, e hizo un voto de silencio: A partir de 1960, nunca habl\u00f3 en viernes.<\/p>\n<p align=\"justify\">Muri\u00f3 en alg\u00fan momento de los noventas, en un accidente en la calle de Reforma, en brazos m\u00edos y con solo dos disc\u00edpulos, Javier M. y otro m\u00e1s. Me gustar\u00eda decir que no sufri\u00f3, pero ser\u00eda mentira.<\/p>\n<p align=\"justify\">Como el y la biblia dec\u00edan, \u00abQuien tenga ojos para ver que vea, quien tenga o\u00eddos para escuchar que oiga\u00bb<\/p>\n<p>Descanse en Paz.<\/p>\n<h3>Do\u00f1a Geno; La ley es primero.<\/h3>\n<p align=\"justify\">Naci\u00f3 en Guadalajara a principios de 1950. Hija de una familia de clase alta, su madre hab\u00eda tenido contacto cercano con otras l\u00edneas del Nagualismo. Geno creci\u00f3 en un ambiente agradable, de piel blanca, cabello rubio y ojos azules, y con buena educaci\u00f3n. Pero a los 18, en plenas secuelas del movimiento del 68 ( hippies por un lado y movimiento estudiantil por otro ), decidi\u00f3 irse con unas primas a vivir a Cuernavaca. Entr\u00f3 en contacto con una Logia Blanca, (no confundir con magia blanca en la onda de Karen Lara ), y a principios de los setentas se cas\u00f3 y tuvo una hija.<\/p>\n<p align=\"justify\">Explicar que es una logia blanca est\u00e1 fuera del objetivo de estas notas. Baste decir que es una asociaci\u00f3n de personas que buscan cambiar las circunstancias usando s\u00edmbolos europeos y cabal\u00edsticos. Uno de los principios de las logias son la oposici\u00f3n entre ley y caos, y luz y oscuridad. Como parte de las actividades de las logias, es necesario servir en algo a lo que llamar\u00e9 \u00abpolic\u00eda oculta\u00bb, y en uno de los per\u00edodos en que le toc\u00f3 estar de guardia, fueron a buscarlos personas que hablaban de una casa en que estaban pasando cosas extra\u00f1as despu\u00e9s de un asesinato.<\/p>\n<p align=\"justify\">No se manej\u00f3 de la manera adecuada, y empez\u00f3 una racha de mala suerte. La logia empez\u00f3 a tener problemas y se desband\u00f3. Una tarde Geno se cay\u00f3 de la escalera y se lastim\u00f3. Pensando en que se iba a morir, llam\u00f3 a su mam\u00e1 para que cuidara a su hija ( el esposo viaja mucho ), y cuando lleg\u00f3 su mam\u00e1, le dijo que lo que ten\u00eda era otra cosa, y que solo se iba a morir si segu\u00eda compadeci\u00e9ndose, porque algo pas\u00f3 en su actitud a partir del intento de exorcismo\/erradicaci\u00f3n. No era urgente que la atendieran, y pens\u00f3 llevarla a ver al Nagual. Pero no estaba disponible el Nagual de ese entonces, as\u00ed que otra persona la llev\u00f3 con mi maestro a pesar de ser de otra l\u00ednea.<\/p>\n<p align=\"justify\">Geno qued\u00f3 a mitad de su camino, y el Nagualismo no era lo adecuado para ella. Aunque el Nagualismo le permiti\u00f3 estabilizarse y recobrarse de sus experiencias anteriores, realmente el camino de la Logia Blanca era el correcto para ella, y por eso nunca trat\u00f3 de ver al Nagualismo sino como una influencia estabilizadora. El se\u00f1or Rafael enfoc\u00f3 el aspecto ritualista de la Logia Blanca en principios pr\u00e1cticos, y muchas cosas que ten\u00edan que ver con el aspecto de la elecci\u00f3n entre el orden y el caos se incorporaron a las extra\u00f1as clases que se daban sobre temas tradicionales, as\u00ed como la elecci\u00f3n de la que no hay marcha atr\u00e1s, y las protecciones contra el mal ( no confundir con talismanes y brebajes por favor !!!! )<\/p>\n<p align=\"justify\">Geno vive actualmente en Guadalajara, sigue casada con su esposo, tiene una hija de veintitantos encantadora, y varios del grupo del Se\u00f1or Rafael se re\u00fanen en una casa que ella compr\u00f3 para ese fin. No se considera un maestro, pero ense\u00f1a la importancia de elegir entre la luz y la oscuridad, y de saber retirarse a tiempo.<\/p>\n<p align=\"justify\">Al pedirle permiso para reproducir su historia, ella me contest\u00f3:<\/p>\n<p align=\"justify\">\u00abSigo creyendo en los ej\u00e9rcitos de la luz, pero la \u00e9poca de la batalla ya pas\u00f3. Ahora soy solo una sombra de lo que fui, algo as\u00ed como una enfermera y persona que se encarga de los alimentos, ya no soy un soldado. Pero hice el intento.<\/p>\n<p align=\"justify\">No des mi nombre ni como encontrarme. Tengo suficientes responsabilidades como para pelear otra vez por batallas ajenas\u00bb<\/p>\n<p align=\"justify\">Gracias Do\u00f1a Geno, por ser un punto de referencia para aquellos que la conocemos.<\/p>\n<h3>La historia de Javier M; El eterno Buscador<\/h3>\n<p align=\"justify\">Naci\u00f3 en 1966 en Monterrey. Empez\u00f3 a estudiar filosof\u00eda en el TEC de Monterrey, ( una escuela muy cara ), y cuando lleg\u00f3 el momento de entrar al negocio familiar, se cambi\u00f3 de campus a Guadalajara. Entr\u00f3 en contacto con unas personas interesadas en los yaquis, abandon\u00f3 filosof\u00eda y se fue al cerro con un \u00abcham\u00e1n de la monta\u00f1a\u00bb, llamado Alberto.<\/p>\n<p align=\"justify\">Una noche de invierno estando en la sierra de Mazamitla, el se\u00f1or Rafael oli\u00f3 algo raro. Llevabamos dos perros pastor alem\u00e1n entrenados, y gracias a ellos encontramos a un hombre llorando y cubierto de excrementos y cosas peores. El se\u00f1or Rafael se acerc\u00f3 y le dio unas cachetadas. El otro lo volte\u00f3 a ver, y sigui\u00f3 llorando. Nos lo llevamos casi a rastras y regresamos a la ciudad.<\/p>\n<p align=\"justify\">Ese hombre era Javier M. Seg\u00fan me ent\u00f3ere despu\u00e9s, cuando Javier pudo pasar a la verdadera etapa del entrenamiento cham\u00e1nico, se raj\u00f3. Cual fue el pretexto? Volver a ver a su novia y casarse con ella.<\/p>\n<p align=\"justify\">Pienso que la novia era un pretexto, pero que Javier pod\u00eda redimirse cas\u00e1ndose, si su b\u00fasqueda era sincera. Todos los caminos llevan a Roma, pero que a muchos buscadores les da miedo acercarse al Umbral, y por lo tanto destrozan toda su vida justificandose y brincando de aqu\u00ed para ac\u00e1, saliendose de cada camino justo antes de entrar al umbral, que es por decirlo de un modo, el momento en que se paga el precio.<\/p>\n<p align=\"justify\">Javier se qued\u00f3 en una de las casas del grupo, siendo una especie de mandadero, pero de repente entraba en trances sin intervenci\u00f3n de otros, Javier se fugaba de la realidad, y que buscaba una soluci\u00f3n milagrosa a su falta de pantalones. El se\u00f1or Andr\u00e9s dec\u00eda \u00abno se nace dos veces meditando\u00bb<\/p>\n<p align=\"justify\">Durante esos trances en ocasiones perd\u00eda la mirada en el infinito, y a veces estaba sumamente centrado, siendo una de esas personas que vale la pena conocer y escuchar. En esas ocasiones nos contaba historias del esp\u00edritu del buitre, o de la relaci\u00f3n de los cuatro elementos y un quinto al que llamaba vac\u00edo. Pero como dej\u00f3 el camino a medias, el vac\u00edo lo derrot\u00f3 en lugar de llevarlo a vivir en el ojo de la tormenta.<\/p>\n<p align=\"justify\">El hablaba de que un cham\u00e1n est\u00e1 relacionado con los elementos de la naturaleza, y que hay cuatro grandes \u00e1reas de inter\u00e9s cham\u00e1nico divididas en 2 mundos, y que un verdadero cham\u00e1n era uno con la naturaleza y a la vez era cuatro personas.<\/p>\n<p><b>Mundo Externo.-<\/b><\/p>\n<p align=\"justify\"><b>El h\u00e9roe o libertador.-<\/b>A lo largo de la historia la gente que vive de la tierra necesita a aqu\u00e9l que se enfrenta al opresor, al que los dirige en la pelea, al que los libera del hambre y del fr\u00edo.<\/p>\n<p align=\"justify\"><b>El viejo sabio o el curador.-<\/b>Es el que cura a otros, el que elige el aspecto contemplativo del mundo.<\/p>\n<p><b>Mundo Interno.-<\/b><\/p>\n<p align=\"justify\"><b>El hijo eterno.-<\/b>El que siempre busca, el que siempre sue\u00f1a, el que siempre anhela.<\/p>\n<p align=\"justify\"><b>El gran padre.- <\/b>Cuando todo lo dem\u00e1s falla, es aqu\u00e9l que contesta las preguntas.<\/p>\n<p align=\"justify\">Desgraciadamente nunca tuvo control sobre esos trances. En ocasiones era un sabio, y en otras hab\u00eda que tratarlo como a un ni\u00f1o de dos a\u00f1os. Cuando empez\u00f3 la etapa de cambios de conciencia por comprender el significado de las tradiciones mesoamericanas, gracias a las ense\u00f1anzas del Nagual y seguir los ejemplos de \u00e9l y de Juana para realizar el cambio a voluntad no tuve problemas. Aunque Javier trat\u00f3 de controlarse, nunca pudo. Seg\u00fan el se\u00f1or Rafael sacarle la vuelta a todo siempre rompi\u00f3 algo dentro de Javier y lo llev\u00f3 a una pesadilla sin regreso, y sin control. Los conocimientos del Nagual no bastaron para curarlo, porque no quer\u00eda curarse. Al respecto el se\u00f1or Andr\u00e9s me dijo, <i>\u00aben sus propios t\u00e9rminos, los chamanes deciden si son fuego, tierra, aire o agua, o si son del lugar de donde salen las tormentas\u00bb.<\/i> Pero la decisi\u00f3n debe ser suficiente. Hay cosas que no pueden quedarse a medias, eso es todo.<\/p>\n<p align=\"justify\">Cuando el Nagual muri\u00f3, Javier regres\u00f3 a la monta\u00f1a, y el se\u00f1or Alberto lo mand\u00f3 al demonio. Es lo ultimo que se supo de el, hace mas de cinco a\u00f1os.<\/p>\n<h3>La historia de Juana Topete<\/h3>\n<p align=\"justify\">Naci\u00f3 en una zona humilde de Guadalajara llamada el \u00abSector Libertad\u00bb a fines de los sesenta ( 1969 ?? ). Su familia pertenec\u00eda al tipo de gente buena que da gracias por la vida, el amor, el sol y la lluvia. Madre antes de los 18, se enfrent\u00f3 al mundo como pod\u00eda, como una obrera en una f\u00e1brica de ropa, recibiendo mientras los rega\u00f1os de la madre acerca de que deb\u00eda darle un padre a su hija. Una tarde al regresar de la f\u00e1brica, vio que estaba el cura en su casa.<\/p>\n<p align=\"justify\">Su mam\u00e1 sac\u00f3 a pasear a la ni\u00f1a agarrada de la mano, se le solt\u00f3, se baj\u00f3 de la banqueta y se cay\u00f3. Una persona no la vio, y la pis\u00f3, revent\u00e1ndole las v\u00edsceras.<\/p>\n<p align=\"justify\">La ni\u00f1a vivi\u00f3 dos semanas, en las que Juana se volvi\u00f3 loca. Cuando la ni\u00f1a muri\u00f3, trat\u00f3 de suicidarse y no pudo porque las l\u00e1grimas no la dejaban ver. Entonces trat\u00f3 de sacarse los ojos para no ver los muebles de su hija y no pudo, pero dej\u00f3 cicatrices en su cara.<\/p>\n<p align=\"justify\">Una ma\u00f1ana cuando regres\u00f3 su madre del mercado encontr\u00f3 la casa vac\u00eda. Juana se hab\u00eda ido sin llevarse nada, ni dinero ni ropa.<\/p>\n<p align=\"justify\">La misma Juana no recuerda gran cosa, excepto que durante seis a\u00f1os vivi\u00f3 con unos gitanos, y con una vieja loca que la adopt\u00f3. Para que se pudiera ganar la vida le ense\u00f1aron a leer la mano, pero nunca entendi\u00f3 \u00ablas reglas sobre las l\u00edneas\u00bb. Como no quer\u00eda ser una carga, desarroll\u00f3 sin saberlo una t\u00e9cnica mezclando los principios de la lectura de cartas, y de lectura de arena. Y empez\u00f3 a ser una paria entre los mismos gitanos, porque adem\u00e1s que nunca aprendi\u00f3 a hablar su lenguaje, aprendi\u00f3 a comunicarse con los perros y caballos, descuidaba su aspecto a niveles imperdonables y com\u00eda como animal.<\/p>\n<p align=\"justify\">Por estas fechas recobr\u00f3 parte de su raz\u00f3n, y un d\u00eda los gitanos la dejaron afuera de una casa en el cerro donde el 22 de diciembre se oian cantos extra\u00f1os al amanecer. Era una de las casas del se\u00f1or Andr\u00e9s. Este oy\u00f3 su historia y vio las cicatrices. Realiz\u00f3 la curaci\u00f3n de esta muchacha, y ella a cambio manten\u00eda limpia la casa y podaba el jard\u00edn.<\/p>\n<p align=\"justify\">La primera vez que la vi, cre\u00ed que era una sirvienta, sobre todo porque no le v\u00ed el brillo en los ojos. Ten\u00eda los ojos de una muerta. Las cosas le pasaban, y esa era su vida.<\/p>\n<p align=\"justify\">Como parte de nuestros planes en el grupo \u00edbamos a comprar un peque\u00f1o cami\u00f3n para vender los pollos y conejos de la casa. Alguien sugiri\u00f3 que no compr\u00e1ramos el cami\u00f3n sino que pag\u00e1ramos para que arreglaran la cara de Juanita. Y eso hicimos.<\/p>\n<p align=\"justify\">El dia de la operaci\u00f3n y dias siguientes, solo estuve yo en el hospital. Me hice pasar por pariente de ella, para cumplir unos requisitos del hospital. Cuando le quitaron las vendas, y se vio al espejo, surgi\u00f3 el brillo en los ojos, y dijo, \u00abNunca m\u00e1s\u00bb<\/p>\n<p align=\"justify\">El regreso fue algo que no puedo describir. Ya no era una paria. La consideraban bruja. Una bruja guapa adem\u00e1s. Los meses siguientes nos demostraron a todos que ella pod\u00eda controlar lo que fuera. Nunca he conocido a nadie con tanta capacidad para vivir en cualquiera de los 2 mundos. En el grupo del que venimos su facilidad para cambiar de un mundo a otro es legendaria, as\u00ed como su forma de leer las manos y la arena, y sobre todo su coraje.<\/p>\n<p align=\"justify\">Contar mas cosas de ella estar\u00eda fuera de lugar. En 1992 se cas\u00f3 en un lugar cercano a donde la dejaron los gitanos. Busc\u00f3 a su madre, y ahora ella es madre tambi\u00e9n. Pero antes que madre, es una bruja, eso es lo que siempre ser\u00e1, a pesar que maneje coche del a\u00f1o por su esposo y se haga cargo de los asuntos financieros que dej\u00f3 el Se\u00f1or Andr\u00e9s.<\/p>\n<p align=\"justify\">En su anillo de compromiso, no est\u00e1n grabadas sus iniciales. Solo dos palabras.<\/p>\n<p>\u00abNunca m\u00e1s\u00bb<\/li>\n<\/ul>\n<\/div>\n","protected":false},"excerpt":{"rendered":"<p>Historias de algunos practicantes tradicionales (30 mar 99 ) Esta historia es la s\u00edntesis de la vida de algunas personas que conoc\u00ed durante mi juventud, personas que de una u otra manera llegaron al Nagualismo, y estaban alrededor del Sr Rafael en el tiempo que estuve con ellos. Para poder entender cabalmente como alguien pudo reunirnos, y hacer de nosotros algo mas que un grupo de locos, es necesario leer algo sobre la historia del Sr (citada abajo como un&#8230;<\/p>\n<p class=\"read-more\"><a class=\"btn btn-default\" href=\"https:\/\/nahual.org\/antiguo\/historias-de-algunos-practicantes-tradicionales\/\"> Leer m\u00e1s<span class=\"screen-reader-text\">  Leer m\u00e1s<\/span><\/a><\/p>\n","protected":false},"author":1,"featured_media":0,"parent":0,"menu_order":0,"comment_status":"closed","ping_status":"open","template":"","meta":{"_crdt_document":"","footnotes":""},"class_list":["post-49","page","type-page","status-publish","hentry"],"_links":{"self":[{"href":"https:\/\/nahual.org\/antiguo\/wp-json\/wp\/v2\/pages\/49","targetHints":{"allow":["GET"]}}],"collection":[{"href":"https:\/\/nahual.org\/antiguo\/wp-json\/wp\/v2\/pages"}],"about":[{"href":"https:\/\/nahual.org\/antiguo\/wp-json\/wp\/v2\/types\/page"}],"author":[{"embeddable":true,"href":"https:\/\/nahual.org\/antiguo\/wp-json\/wp\/v2\/users\/1"}],"replies":[{"embeddable":true,"href":"https:\/\/nahual.org\/antiguo\/wp-json\/wp\/v2\/comments?post=49"}],"version-history":[{"count":0,"href":"https:\/\/nahual.org\/antiguo\/wp-json\/wp\/v2\/pages\/49\/revisions"}],"wp:attachment":[{"href":"https:\/\/nahual.org\/antiguo\/wp-json\/wp\/v2\/media?parent=49"}],"curies":[{"name":"wp","href":"https:\/\/api.w.org\/{rel}","templated":true}]}}