{"id":51,"date":"2020-07-02T19:23:41","date_gmt":"2020-07-02T19:23:41","guid":{"rendered":"https:\/\/nahual.org\/antiguo\/?p=51"},"modified":"2020-08-08T19:24:08","modified_gmt":"2020-08-08T19:24:08","slug":"el-amor-y-el-histerismo","status":"publish","type":"page","link":"https:\/\/nahual.org\/antiguo\/el-amor-y-el-histerismo\/","title":{"rendered":"El amor y el histerismo"},"content":{"rendered":"<p>&nbsp;<\/p>\n<p align=\"JUSTIFY\">Desde hace unos a\u00f1os he conocido a varias personas capaces pero depresivas o inconstantes en su mayor\u00eda. Algunas lo atribuyen a que alguien les est\u00e1 haciendo brujer\u00eda, otras han pasado desilusiones amorosas y otras mas est\u00e1n aburridas. Como parte del entrenamiento, dedico un d\u00eda cada una o dos semanas a moverme en transporte p\u00fablico, para no acostumbrarme al coche. En estos momentos escribo en el metro, a tres asientos de mi un joven bien vestido se r\u00ede de los chistes de una revista pol\u00edtica. Solo. Eso es histerismo.<\/p>\n<p align=\"JUSTIFY\">Las personas suelen buscar que su vida tenga un sentido, pero la mayor\u00eda no sabe ni por donde. Como Nagual he visto de todo, desde personas a las que les importa la persona, otras a las que les gusta la idea de jugar con &#8216;lo prohibido&#8217;, y casos extremos. Los tres casos mas frecuentes son:<\/p>\n<p>&nbsp;<\/p>\n<ul>\n<li>Los inconquistables<\/li>\n<li>Las personas de negocio<\/li>\n<li>Los hist\u00e9ricos<\/li>\n<\/ul>\n<p>&nbsp;<\/p>\n<p><dir><dir><\/p>\n<p align=\"JUSTIFY\">Los inconquistables<\/p>\n<p align=\"JUSTIFY\">Se dan en dos variedades, los que quieren que les digamos &#8216;si tienes raz\u00f3n, estas bien en todo eres maravillosa, sublime, perfecta, inteligente, etc. etc. etc.&#8217;, y los que quieren que les digamos que son valiosos. Las estrategias para manejar cada variedad var\u00edan. Sin embargo, decirle a una persona sobre lo <i>realmente<\/i> positivo de su actitud, casi nunca falla. Aunque llega un momento en que uno no sabe como quit\u00e1rselos de encima. Esto es sencillo, los inconquistables suelen buscar al mismo tiempo dos cosas:<\/p>\n<p align=\"JUSTIFY\">1) Que los destruyan. Si ellos sienten el salvajismo en uno, esperan que uno los destroce d\u00e1ndoles un fin de m\u00e1rtires. A veces dan ganas de hacerlo, por misericordia, pero rara vez vale la pena. El deber suele pedir dejar que se ahorquen solos. Lo \u00fanico que pasa por lo general es que se alejen pensando que uno no era tan duro como parec\u00eda.<\/p>\n<p align=\"JUSTIFY\">2)Poner una marca en su revolver. Al ver que uno tiene poder, se crea una situaci\u00f3n de vampirismo. El mejor m\u00e9todo que hay es ser sincero y noble en un desatino controlado, abriendo la puerta solo a una habitaci\u00f3n llena de cruces y agua bendita. Si la persona vale la pena, se corrige, si no, se va , pensando que uno ya fue dominado.<\/p>\n<p><dir><dir><\/p>\n<p align=\"JUSTIFY\">NOTA: Por razones obvias deben evitarse las relaciones f\u00edsicas con este tipo de personas. Por lo general una actitud noble y sincera es m\u00e1s que suficiente para que la persona huya. Si no es suficiente, o la persona se corrige o no tiene remedio, y en ese caso uno puede hacer lo que indica la justicia, el deber y la misericordia. Enfrentarse a los vampiros estaca en mano.<\/p>\n<p><\/dir><\/dir><\/p>\n<p align=\"JUSTIFY\">Las personas de negocios<\/p>\n<p align=\"JUSTIFY\">Estas personas tratan de utilizarlo a uno para obtener una ganancia. Desde los que dicen \u00bfporqu\u00e9 no cobras por hacer esto? Hasta los que dicen, ven a la fiesta de equis, con el fin de presentarlo a uno y exhibirlo como un mono amaestrado. En los raros casos en que estas personas tienen algo que ofrecer, deben verse en grupos peque\u00f1os, y al menor indicio quitarse de en medio.<\/p>\n<p align=\"JUSTIFY\">Los Hist\u00e9ricos.<\/p>\n<p align=\"JUSTIFY\">En este grupo entran aquellos que se sienten solos y creen que el Nagualismo puede completarlos como personas, aquellos que se sienten sacudidos por entidades y fuerzas mas all\u00e1 de su control. Hay hist\u00e9ricos depresivos e hist\u00e9ricos aburridos, que le ponen sentido a su vida con contactos con lo que caiga, sobrenatural o no. Cualquiera de los dos casos debe manejarse igual, Tenerles paciencia, ayudar en lo posible, pero no m\u00e1s. Cabe destacar que el verdadero hist\u00e9rico jam\u00e1s es agresivo. Seg\u00fan mi experiencia, un hist\u00e9rico agresivo se convierte en un inconquistable y mentiroso compulsivo.<\/p>\n<p><\/dir><\/dir><\/p>\n<p align=\"JUSTIFY\">Ahora hablemos del amor, y porqu\u00e9 se eligi\u00f3 este nombre para la p\u00e1gina. El amor es incompatible con el histerismo y mentiras. Mientras mas lento sea el amor, suele ser mejor. Sentir que el fuego quema nuestro pecho no es suficiente. Para que el amor perdure no debe haber motivo ulterior a implemente estar con la otra persona. En otros lugares he hablado de la afinidad y la poes\u00eda.<\/p>\n<p align=\"JUSTIFY\">Un amor capaz de derribar murallas es digno de un poema, pero muy raro. Desgraciadamente el principio de aceptar a la persona como es, se desvirt\u00faa hasta extremos opuestos, desde el conformismo vital hasta &#8216;nada es lo suficientemente bueno&#8217;<\/p>\n<p align=\"JUSTIFY\">En una ocasi\u00f3n en la sierra el Nagual Andr\u00e9s me pidi\u00f3 que localizara a la persona mas cercana. Hice algunos preparativos y empec\u00e9 a caminar. A los veinte minutos llegamos a un lugar donde una pareja de j\u00f3venes estaba copulando. Me quit\u00e9 de en medio y le pregunt\u00e9 si era algo relacionado con el amor o con el acto mismo lo que me permiti\u00f3 localizarlos. El contest\u00f3 demasiado claramente.<i> &#8216;No seas buey. \u00bfEs amor cuando un muchacho lleno de granos encuentra a Elena en una muchacha horrenda e imb\u00e9cil?&#8217;<\/i><\/p>\n<p align=\"JUSTIFY\">Durante meses pens\u00e9 en eso, en que para no caer en el histerismo, muchos idealizan a la persona amada. Al pensar en esto inmediatamente me acuerdo de la frase de Anthony Hope en &#8216;El prisionero de Zenda&#8217;.<\/p>\n<p align=\"JUSTIFY\">Hay algo m\u00e1s que amor.<\/p>\n<p align=\"JUSTIFY\">A la otra persona siempre se le debe dar un primer lugar como persona, pero hay algo mas que amor. Si se olvida esa simple verdad, no hay nada que hacer. Se cae en el histerismo y tragedias y venganzas. El amor es. Las personas que son personas pueden conocer el amor. Las que no son personas siempre creen que lo conocen.<\/p>\n<p align=\"JUSTIFY\">Hay algo m\u00e1s que amor.<\/p>\n<p align=\"JUSTIFY\">Para los inconquistables es la vanidad y el orgullo, para las personas de negocios es el lucro y la mentira, y para los hist\u00e9ricos la histeria y depresi\u00f3n.<\/p>\n<p align=\"JUSTIFY\">Hay algo m\u00e1s que amor, siempre. En mi caso particular es la Ley o Justicia. \u00bfEn el de ustedes?<\/p>\n<hr \/>\n<p><b>Alfonso Orozco &#8211; Septiembre 1999<\/b><\/p>\n","protected":false},"excerpt":{"rendered":"<p>&nbsp; Desde hace unos a\u00f1os he conocido a varias personas capaces pero depresivas o inconstantes en su mayor\u00eda. Algunas lo atribuyen a que alguien les est\u00e1 haciendo brujer\u00eda, otras han pasado desilusiones amorosas y otras mas est\u00e1n aburridas. Como parte del entrenamiento, dedico un d\u00eda cada una o dos semanas a moverme en transporte p\u00fablico, para no acostumbrarme al coche. En estos momentos escribo en el metro, a tres asientos de mi un joven bien vestido se r\u00ede de los&#8230;<\/p>\n<p class=\"read-more\"><a class=\"btn btn-default\" href=\"https:\/\/nahual.org\/antiguo\/el-amor-y-el-histerismo\/\"> Leer m\u00e1s<span class=\"screen-reader-text\">  Leer m\u00e1s<\/span><\/a><\/p>\n","protected":false},"author":1,"featured_media":0,"parent":0,"menu_order":0,"comment_status":"closed","ping_status":"open","template":"","meta":{"_crdt_document":"","footnotes":""},"class_list":["post-51","page","type-page","status-publish","hentry"],"_links":{"self":[{"href":"https:\/\/nahual.org\/antiguo\/wp-json\/wp\/v2\/pages\/51","targetHints":{"allow":["GET"]}}],"collection":[{"href":"https:\/\/nahual.org\/antiguo\/wp-json\/wp\/v2\/pages"}],"about":[{"href":"https:\/\/nahual.org\/antiguo\/wp-json\/wp\/v2\/types\/page"}],"author":[{"embeddable":true,"href":"https:\/\/nahual.org\/antiguo\/wp-json\/wp\/v2\/users\/1"}],"replies":[{"embeddable":true,"href":"https:\/\/nahual.org\/antiguo\/wp-json\/wp\/v2\/comments?post=51"}],"version-history":[{"count":0,"href":"https:\/\/nahual.org\/antiguo\/wp-json\/wp\/v2\/pages\/51\/revisions"}],"wp:attachment":[{"href":"https:\/\/nahual.org\/antiguo\/wp-json\/wp\/v2\/media?parent=51"}],"curies":[{"name":"wp","href":"https:\/\/api.w.org\/{rel}","templated":true}]}}