{"id":53,"date":"2020-08-08T19:25:27","date_gmt":"2020-08-08T19:25:27","guid":{"rendered":"https:\/\/nahual.org\/antiguo\/?p=53"},"modified":"2020-08-08T16:45:59","modified_gmt":"2020-08-08T21:45:59","slug":"nos-mudamos","status":"publish","type":"page","link":"https:\/\/nahual.org\/antiguo\/","title":{"rendered":"Nos mudamos"},"content":{"rendered":"<p>A mediados del 2003, debido a los ataques de Julio Juan Diana Da Silva contra Guadalupe, se empez\u00f3 a pasar la informaci\u00f3n del sitio de angelfire a ojosabiertos.org. Cuando integr\u00e9 el foro a las razones sociales, la mayor parte del contenido se migr\u00f3 al foro <a href=\"http:\/\/rojointenso.net\/foro\/\" target=\"_blank\" rel=\"noopener noreferrer\">Rojo Intenso<\/a>, en el subforo cuesti\u00f3n de principios.<\/p>\n<p>Pueden contactarme por mensaje en facebook\u00a0 <a href=\"https:\/\/www.facebook.com\/alfonso.orozcoaguilar\" target=\"_blank\" rel=\"noopener noreferrer\">Https:\/\/www.facebook.com\/alfonso.orozcoaguilar<\/a><\/p>\n<p>Amenazas se pasan a las autoridades.<\/p>\n<hr \/>\n<p><b>Alfonso Orozco\u00a0 <\/b><\/p>\n","protected":false},"excerpt":{"rendered":"<p>A mediados del 2003, debido a los ataques de Julio Juan Diana Da Silva contra Guadalupe, se empez\u00f3 a pasar la informaci\u00f3n del sitio de angelfire a ojosabiertos.org. Cuando integr\u00e9 el foro a las razones sociales, la mayor parte del contenido se migr\u00f3 al foro Rojo Intenso, en el subforo cuesti\u00f3n de principios. Pueden contactarme por mensaje en facebook\u00a0 Https:\/\/www.facebook.com\/alfonso.orozcoaguilar Amenazas se pasan a las autoridades. Alfonso Orozco\u00a0<\/p>\n","protected":false},"author":1,"featured_media":0,"parent":0,"menu_order":0,"comment_status":"closed","ping_status":"open","template":"","meta":{"_crdt_document":"","footnotes":""},"class_list":["post-53","page","type-page","status-publish","hentry"],"_links":{"self":[{"href":"https:\/\/nahual.org\/antiguo\/wp-json\/wp\/v2\/pages\/53","targetHints":{"allow":["GET"]}}],"collection":[{"href":"https:\/\/nahual.org\/antiguo\/wp-json\/wp\/v2\/pages"}],"about":[{"href":"https:\/\/nahual.org\/antiguo\/wp-json\/wp\/v2\/types\/page"}],"author":[{"embeddable":true,"href":"https:\/\/nahual.org\/antiguo\/wp-json\/wp\/v2\/users\/1"}],"replies":[{"embeddable":true,"href":"https:\/\/nahual.org\/antiguo\/wp-json\/wp\/v2\/comments?post=53"}],"version-history":[{"count":2,"href":"https:\/\/nahual.org\/antiguo\/wp-json\/wp\/v2\/pages\/53\/revisions"}],"predecessor-version":[{"id":91,"href":"https:\/\/nahual.org\/antiguo\/wp-json\/wp\/v2\/pages\/53\/revisions\/91"}],"wp:attachment":[{"href":"https:\/\/nahual.org\/antiguo\/wp-json\/wp\/v2\/media?parent=53"}],"curies":[{"name":"wp","href":"https:\/\/api.w.org\/{rel}","templated":true}]}}